{"id":28,"date":"2026-03-10T06:37:15","date_gmt":"2026-03-10T06:37:15","guid":{"rendered":"https:\/\/whatifwefly.uk.com\/?page_id=28"},"modified":"2026-03-15T06:25:11","modified_gmt":"2026-03-15T06:25:11","slug":"ban-ca-open88","status":"publish","type":"page","link":"https:\/\/whatifwefly.uk.com\/index.php\/ban-ca-open88\/","title":{"rendered":"B\u1eafn c\u00e1"},"content":{"rendered":"<div id=\"toc_container\" class=\"no_bullets\"><p class=\"toc_title\">Contents<\/p><ul class=\"toc_list\"><li><a href=\"#Ban_Ca_OPEN88_8211_Kham_Pha_Ban_Ca_Hay_Uu_Dai_Cuc_Soc\"><span class=\"toc_number toc_depth_1\">1<\/span> B\u1eafn C\u00e1 OPEN88 &#8211; Kh\u00e1m Ph\u00e1 B\u1eafn C\u00e1 Hay, \u01afu \u0110\u00e3i C\u1ef1c S\u1ed1c<\/a><ul><li><a href=\"#Gioi_thieu_sanh_ban_ca_OPEN88_uy_tin_so_mot\"><span class=\"toc_number toc_depth_2\">1.1<\/span> Gi\u1edbi thi\u1ec7u s\u1ea3nh b\u1eafn c\u00e1 OPEN88 uy t\u00edn s\u1ed1 m\u1ed9t<\/a><ul><li><a href=\"#Qua_trinh_phat_trien_an_tuong\"><span class=\"toc_number toc_depth_3\">1.1.1<\/span> Qu\u00e1 tr\u00ecnh ph\u00e1t tri\u1ec3n \u1ea5n t\u01b0\u1ee3ng<\/a><\/li><li><a href=\"#Cam_ket_minh_bach_voi_thanh_vien\"><span class=\"toc_number toc_depth_3\">1.1.2<\/span> Cam k\u1ebft minh b\u1ea1ch v\u1edbi th\u00e0nh vi\u00ean<\/a><\/li><li><a href=\"#Uu_diem_vuot_troi_so_voi_doi_thu\"><span class=\"toc_number toc_depth_3\">1.1.3<\/span> \u01afu \u0111i\u1ec3m v\u01b0\u1ee3t tr\u1ed9i so v\u1edbi \u0111\u1ed1i th\u1ee7<\/a><\/li><\/ul><\/li><li><a href=\"#Bi_kip_san_thuong_ban_ca_OPEN88_hieu_qua_cao\"><span class=\"toc_number toc_depth_2\">1.2<\/span> B\u00ed k\u00edp s\u0103n th\u01b0\u1edfng b\u1eafn c\u00e1 OPEN88 hi\u1ec7u qu\u1ea3 cao<\/a><\/li><li><a href=\"#Chuong_trinh_khuyen_mai_san_thuong_hap_dan\"><span class=\"toc_number toc_depth_2\">1.3<\/span> Ch\u01b0\u01a1ng tr\u00ecnh khuy\u1ebfn m\u00e3i s\u0103n th\u01b0\u1edfng h\u1ea5p d\u1eabn<\/a><ul><li><a href=\"#Thuong_chao_mung_thanh_vien_moi\"><span class=\"toc_number toc_depth_3\">1.3.1<\/span> Th\u01b0\u1edfng ch\u00e0o m\u1eebng th\u00e0nh vi\u00ean m\u1edbi<\/a><\/li><li><a href=\"#Hoan_tra_hang_ngay_khong_gioi_han\"><span class=\"toc_number toc_depth_3\">1.3.2<\/span> Ho\u00e0n tr\u1ea3 h\u00e0ng ng\u00e0y kh\u00f4ng gi\u1edbi h\u1ea1n<\/a><\/li><li><a href=\"#Giai_dau_san_thuong_hang_tuan\"><span class=\"toc_number toc_depth_3\">1.3.3<\/span> Gi\u1ea3i \u0111\u1ea5u s\u0103n th\u01b0\u1edfng h\u00e0ng tu\u1ea7n<\/a><\/li><\/ul><\/li><li><a href=\"#Loi_ket\"><span class=\"toc_number toc_depth_2\">1.4<\/span> L\u1eddi k\u1ebft<\/a><\/li><\/ul><\/li><\/ul><\/div>\n<h1 style=\"text-align: center;\"><span id=\"Ban_Ca_OPEN88_8211_Kham_Pha_Ban_Ca_Hay_Uu_Dai_Cuc_Soc\"><b>B\u1eafn C\u00e1 OPEN88 &#8211; Kh\u00e1m Ph\u00e1 B\u1eafn C\u00e1 Hay, \u01afu \u0110\u00e3i C\u1ef1c S\u1ed1c<\/b><\/span><\/h1>\n<p><b>B\u1eafn c\u00e1 OPEN88<\/b><span style=\"font-weight: 400;\"> \u0111ang tr\u1edf th\u00e0nh l\u1ef1a ch\u1ecdn h\u00e0ng \u0111\u1ea7u c\u1ee7a h\u00e0ng ngh\u00ecn th\u00e0nh vi\u00ean y\u00eau th\u00edch tr\u00f2 ch\u01a1i s\u0103n th\u01b0\u1edfng tr\u1ef1c tuy\u1ebfn h\u1ea5p d\u1eabn t\u1ea1i Vi\u1ec7t Nam. S\u1ea3nh game \u0111\u01b0\u1ee3c \u0111\u1ea7u t\u01b0 \u0111\u1ed3 h\u1ecda 3D s\u1eafc n\u00e9t, h\u1ec7 th\u1ed1ng s\u00fang \u0111\u1ea1n \u0111a d\u1ea1ng c\u00f9ng t\u1ef7 l\u1ec7 th\u01b0\u1edfng c\u1ef1c k\u1ef3 h\u1ea5p d\u1eabn thu h\u00fat m\u1ecdi ng\u01b0\u1eddi tham gia. N\u1ec1n t\u1ea3ng <\/span><a href=\"https:\/\/whatifwefly.uk.com\/\"><b>OPEN88<\/b><\/a><span style=\"font-weight: 400;\"> cam k\u1ebft thanh to\u00e1n nhanh ch\u00f3ng trong v\u00f2ng 5 ph\u00fat, h\u1ed7 tr\u1ee3 th\u00e0nh vi\u00ean 24\/7 v\u1edbi \u0111\u1ed9i ng\u0169 chuy\u00ean nghi\u1ec7p.<\/span><\/p>\n<h2><span id=\"Gioi_thieu_sanh_ban_ca_OPEN88_uy_tin_so_mot\"><b>Gi\u1edbi thi\u1ec7u s\u1ea3nh b\u1eafn c\u00e1 OPEN88 uy t\u00edn s\u1ed1 m\u1ed9t<\/b><\/span><\/h2>\n<figure id=\"attachment_112\" aria-describedby=\"caption-attachment-112\" style=\"width: 800px\" class=\"wp-caption aligncenter\"><img decoding=\"async\" class=\"size-full wp-image-112\" src=\"http:\/\/whatifwefly.uk.com\/wp-content\/uploads\/2026\/03\/sanh-ban-ca-open88-thu-hut-thanh-vien-san-thuong.jpg\" alt=\"S\u1ea3nh b\u1eafn c\u00e1 OPEN88 thu h\u00fat th\u00e0nh vi\u00ean s\u0103n th\u01b0\u1edfng\" width=\"800\" height=\"400\" srcset=\"https:\/\/whatifwefly.uk.com\/wp-content\/uploads\/2026\/03\/sanh-ban-ca-open88-thu-hut-thanh-vien-san-thuong.jpg 800w, https:\/\/whatifwefly.uk.com\/wp-content\/uploads\/2026\/03\/sanh-ban-ca-open88-thu-hut-thanh-vien-san-thuong-300x150.jpg 300w, https:\/\/whatifwefly.uk.com\/wp-content\/uploads\/2026\/03\/sanh-ban-ca-open88-thu-hut-thanh-vien-san-thuong-768x384.jpg 768w\" sizes=\"(max-width: 800px) 100vw, 800px\" \/><figcaption id=\"caption-attachment-112\" class=\"wp-caption-text\">S\u1ea3nh b\u1eafn c\u00e1 OPEN88 thu h\u00fat th\u00e0nh vi\u00ean s\u0103n th\u01b0\u1edfng<\/figcaption><\/figure>\n<p><b>B\u1eafn c\u00e1 OPEN88<\/b><span style=\"font-weight: 400;\"> ra m\u1eaft t\u1eeb n\u0103m 2019, nhanh ch\u00f3ng kh\u1eb3ng \u0111\u1ecbnh v\u1ecb th\u1ebf nh\u1edd h\u1ec7 th\u1ed1ng game ch\u1ea5t l\u01b0\u1ee3ng cao v\u00e0 ch\u00ednh s\u00e1ch th\u01b0\u1edfng h\u1ea5p d\u1eabn. S\u1ea3nh game li\u00ean t\u1ee5c c\u1eadp nh\u1eadt phi\u00ean b\u1ea3n m\u1edbi, b\u1ed5 sung th\u00eam nhi\u1ec1u lo\u1ea1i c\u00e1 qu\u00fd hi\u1ebfm gi\u00fap th\u00e0nh vi\u00ean c\u00f3 th\u00eam c\u01a1 h\u1ed9i nh\u1eadn th\u01b0\u1edfng l\u1edbn.<\/span><\/p>\n<h3><span id=\"Qua_trinh_phat_trien_an_tuong\"><b>Qu\u00e1 tr\u00ecnh ph\u00e1t tri\u1ec3n \u1ea5n t\u01b0\u1ee3ng<\/b><\/span><\/h3>\n<p><b>B\u1eafn c\u00e1 OPEN88<\/b><span style=\"font-weight: 400;\"> kh\u1edfi \u0111\u1ea7u v\u1edbi ba ph\u00f2ng ch\u01a1i c\u01a1 b\u1ea3n, \u0111\u1ebfn nay \u0111\u00e3 m\u1edf r\u1ed9ng l\u00ean h\u01a1n 15 ph\u00f2ng v\u1edbi m\u1ee9c c\u01b0\u1ee3c \u0111a d\u1ea1ng ph\u00f9 h\u1ee3p m\u1ecdi \u0111\u1ed1i t\u01b0\u1ee3ng. \u0110\u1eb7c bi\u1ec7t, n\u1ec1n t\u1ea3ng h\u1ee3p t\u00e1c v\u1edbi c\u00e1c nh\u00e0 ph\u00e1t tri\u1ec3n game n\u1ed5i ti\u1ebfng nh\u01b0 JILI, CQ9, Fishing War \u0111\u1ec3 cung c\u1ea5p tr\u1ea3i nghi\u1ec7m ho\u00e0n h\u1ea3o nh\u1ea5t.<\/span><\/p>\n<p><span style=\"font-weight: 400;\">S\u1ed1 l\u01b0\u1ee3ng th\u00e0nh vi\u00ean t\u0103ng tr\u01b0\u1edfng 200% m\u1ed7i n\u0103m ch\u1ee9ng minh s\u1ee9c h\u00fat m\u1ea1nh m\u1ebd c\u1ee7a s\u1ea3nh game t\u1ea1i th\u1ecb tr\u01b0\u1eddng \u0110\u00f4ng Nam \u00c1. B\u00ean c\u1ea1nh \u0111\u00f3, h\u1ec7 th\u1ed1ng m\u00e1y ch\u1ee7 \u0111\u01b0\u1ee3c n\u00e2ng c\u1ea5p li\u00ean t\u1ee5c \u0111\u1ea3m b\u1ea3o k\u1ebft n\u1ed1i \u1ed5n \u0111\u1ecbnh kh\u00f4ng b\u1ecb gi\u1eadt lag trong qu\u00e1 tr\u00ecnh ch\u01a1i.<\/span><\/p>\n<h3><span id=\"Cam_ket_minh_bach_voi_thanh_vien\"><b>Cam k\u1ebft minh b\u1ea1ch v\u1edbi th\u00e0nh vi\u00ean<\/b><\/span><\/h3>\n<p><span style=\"font-weight: 400;\">T\u1ef7 l\u1ec7 tr\u1ea3 th\u01b0\u1edfng t\u1ea1i <\/span><b>b\u1eafn c\u00e1 OPEN88<\/b><span style=\"font-weight: 400;\"> \u0111\u01b0\u1ee3c c\u00f4ng khai r\u00f5 r\u00e0ng, dao \u0111\u1ed9ng t\u1eeb 95% \u0111\u1ebfn 98% t\u00f9y theo lo\u1ea1i c\u00e1 v\u00e0 ph\u00f2ng ch\u01a1i. Ngo\u00e0i ra, m\u1ecdi giao d\u1ecbch n\u1ea1p r\u00fat \u0111\u1ec1u \u0111\u01b0\u1ee3c m\u00e3 h\u00f3a SSL 256-bit, b\u1ea3o v\u1ec7 th\u00f4ng tin c\u00e1 nh\u00e2n c\u1ee7a c\u00e1c b\u1ea1n tuy\u1ec7t \u0111\u1ed1i an to\u00e0n.<\/span><\/p>\n<p><span style=\"font-weight: 400;\">Ch\u00ednh s\u00e1ch ch\u1ed1ng gian l\u1eadn \u0111\u01b0\u1ee3c \u00e1p d\u1ee5ng nghi\u00eam ng\u1eb7t v\u1edbi h\u1ec7 th\u1ed1ng AI gi\u00e1m s\u00e1t 24\/7 ph\u00e1t hi\u1ec7n m\u1ecdi h\u00e0nh vi b\u1ea5t th\u01b0\u1eddng. \u0110\u1ed3ng th\u1eddi, \u0111\u1ed9i ng\u0169 h\u1ed7 tr\u1ee3 s\u1eb5n s\u00e0ng gi\u1ea3i quy\u1ebft khi\u1ebfu n\u1ea1i trong v\u00f2ng 30 ph\u00fat gi\u00fap th\u00e0nh vi\u00ean y\u00ean t\u00e2m tham gia.<\/span><\/p>\n<h3><span id=\"Uu_diem_vuot_troi_so_voi_doi_thu\"><b>\u01afu \u0111i\u1ec3m v\u01b0\u1ee3t tr\u1ed9i so v\u1edbi \u0111\u1ed1i th\u1ee7<\/b><\/span><\/h3>\n<p><span style=\"font-weight: 400;\">Giao di\u1ec7n <\/span><b>b\u1eafn c\u00e1 OPEN88<\/b><span style=\"font-weight: 400;\"> \u0111\u01b0\u1ee3c thi\u1ebft k\u1ebf tr\u1ef1c quan, th\u00e2n thi\u1ec7n v\u1edbi c\u1ea3 nh\u1eefng th\u00e0nh vi\u00ean m\u1edbi ch\u01b0a c\u00f3 kinh nghi\u1ec7m s\u0103n th\u01b0\u1edfng tr\u01b0\u1edbc \u0111\u00e2y. \u0110\u1eb7c bi\u1ec7t, t\u00ednh n\u0103ng ch\u01a1i th\u1eed mi\u1ec5n ph\u00ed gi\u00fap c\u00e1c b\u1ea1n l\u00e0m quen v\u1edbi c\u00e1ch \u0111i\u1ec1u khi\u1ec3n s\u00fang tr\u01b0\u1edbc khi \u0111\u1eb7t c\u01b0\u1ee3c th\u1eadt.<\/span><\/p>\n<p><span style=\"font-weight: 400;\">H\u1ec7 th\u1ed1ng jackpot t\u00edch l\u0169y l\u00ean \u0111\u1ebfn h\u00e0ng t\u1ef7 \u0111\u1ed3ng, \u0111\u01b0\u1ee3c c\u1eadp nh\u1eadt realtime tr\u00ean m\u00e0n h\u00ecnh ch\u00ednh thu h\u00fat s\u1ef1 ch\u00fa \u00fd c\u1ee7a m\u1ecdi ng\u01b0\u1eddi. B\u00ean c\u1ea1nh \u0111\u00f3, ch\u01b0\u01a1ng tr\u00ecnh VIP v\u1edbi nhi\u1ec1u c\u1ea5p b\u1eadc m\u1edf ra nh\u1eefng \u0111\u1eb7c quy\u1ec1n ri\u00eang bi\u1ec7t cho th\u00e0nh vi\u00ean trung th\u00e0nh.<\/span><\/p>\n<h2><span id=\"Bi_kip_san_thuong_ban_ca_OPEN88_hieu_qua_cao\"><b>B\u00ed k\u00edp s\u0103n th\u01b0\u1edfng b\u1eafn c\u00e1 OPEN88 hi\u1ec7u qu\u1ea3 cao<\/b><\/span><\/h2>\n<figure id=\"attachment_111\" aria-describedby=\"caption-attachment-111\" style=\"width: 800px\" class=\"wp-caption aligncenter\"><img decoding=\"async\" class=\"size-full wp-image-111\" src=\"http:\/\/whatifwefly.uk.com\/wp-content\/uploads\/2026\/03\/meo-ban-ca-giup-tang-ty-le-trung-thuong.jpg\" alt=\"M\u1eb9o b\u1eafn c\u00e1 gi\u00fap t\u0103ng t\u1ef7 l\u1ec7 tr\u00fang th\u01b0\u1edfng\" width=\"800\" height=\"400\" srcset=\"https:\/\/whatifwefly.uk.com\/wp-content\/uploads\/2026\/03\/meo-ban-ca-giup-tang-ty-le-trung-thuong.jpg 800w, https:\/\/whatifwefly.uk.com\/wp-content\/uploads\/2026\/03\/meo-ban-ca-giup-tang-ty-le-trung-thuong-300x150.jpg 300w, https:\/\/whatifwefly.uk.com\/wp-content\/uploads\/2026\/03\/meo-ban-ca-giup-tang-ty-le-trung-thuong-768x384.jpg 768w\" sizes=\"(max-width: 800px) 100vw, 800px\" \/><figcaption id=\"caption-attachment-111\" class=\"wp-caption-text\">M\u1eb9o b\u1eafn c\u00e1 gi\u00fap t\u0103ng t\u1ef7 l\u1ec7 tr\u00fang th\u01b0\u1edfng<\/figcaption><\/figure>\n<p><b>B\u1eafn c\u00e1 OPEN88<\/b><span style=\"font-weight: 400;\"> kh\u00f4ng ch\u1ec9 d\u1ef1a v\u00e0o may m\u1eafn m\u00e0 c\u00f2n \u0111\u00f2i h\u1ecfi k\u1ef9 n\u0103ng v\u00e0 chi\u1ebfn thu\u1eadt h\u1ee3p l\u00fd t\u1eeb m\u1ed7i th\u00e0nh vi\u00ean. Nh\u1eefng m\u1eb9o d\u01b0\u1edbi \u0111\u00e2y s\u1ebd gi\u00fap c\u00e1c b\u1ea1n n\u00e2ng cao \u0111\u00e1ng k\u1ec3 t\u1ef7 l\u1ec7 chi\u1ebfn th\u1eafng khi tham gia s\u1ea3nh game h\u1ea5p d\u1eabn n\u00e0y.<\/span><\/p>\n<ul>\n<li style=\"font-weight: 400;\" aria-level=\"1\"><b>Nh\u1eafm v\u00e0o \u0111\u1ea7u c\u00e1 \u0111\u1ec3 t\u0103ng s\u00e1t th\u01b0\u01a1ng:<\/b><span style=\"font-weight: 400;\"> Ph\u1ea7n \u0111\u1ea7u l\u00e0 \u0111i\u1ec3m y\u1ebfu c\u1ee7a h\u1ea7u h\u1ebft c\u00e1c lo\u1ea1i c\u00e1 trong game, b\u1eafn tr\u00fang v\u1ecb tr\u00ed n\u00e0y gi\u00fap h\u1ea1 g\u1ee5c nhanh h\u01a1n 30%. \u0110\u1ed3ng th\u1eddi, c\u00e1c b\u1ea1n ti\u1ebft ki\u1ec7m \u0111\u01b0\u1ee3c l\u01b0\u1ee3ng \u0111\u1ea1n \u0111\u00e1ng k\u1ec3 so v\u1edbi vi\u1ec7c b\u1eafn lung tung kh\u00f4ng c\u00f3 m\u1ee5c ti\u00eau r\u00f5 r\u00e0ng.<\/span><\/li>\n<li style=\"font-weight: 400;\" aria-level=\"1\"><b>Canh th\u1eddi \u0111i\u1ec3m boss xu\u1ea5t hi\u1ec7n:<\/b><span style=\"font-weight: 400;\"> Boss th\u01b0\u1eddng xu\u1ea5t hi\u1ec7n theo chu k\u1ef3 c\u1ed1 \u0111\u1ecbnh, m\u1ed7i 10-15 ph\u00fat m\u1ed9t l\u1ea7n t\u1ea1i <\/span><b>b\u1eafn c\u00e1 OPEN88<\/b><span style=\"font-weight: 400;\"> n\u00ean c\u00e1c b\u1ea1n c\u1ea7n quan s\u00e1t k\u1ef9. Khi boss s\u1eafp ra, h\u00e3y t\u00edch tr\u1eef \u0111\u1ea1n l\u1edbn \u0111\u1ec3 t\u1eadp trung h\u1ecfa l\u1ef1c t\u0103ng c\u01a1 h\u1ed9i nh\u1eadn th\u01b0\u1edfng kh\u1ee7ng.<\/span><\/li>\n<li style=\"font-weight: 400;\" aria-level=\"1\"><b>T\u1eadn d\u1ee5ng \u0111\u1ea1n ph\u1ea3n x\u1ea1 t\u01b0\u1eddng hi\u1ec7u qu\u1ea3:<\/b><span style=\"font-weight: 400;\"> K\u1ef9 thu\u1eadt b\u1eafn v\u00e0o t\u01b0\u1eddng \u0111\u1ec3 \u0111\u1ea1n b\u1eadt ng\u01b0\u1ee3c l\u1ea1i r\u1ea5t h\u1eefu \u00edch khi c\u00e1 di chuy\u1ec3n \u1edf g\u00f3c khu\u1ea5t kh\u00f3 ng\u1eafm tr\u1ef1c ti\u1ebfp. Ngo\u00e0i ra, c\u00e1ch n\u00e0y gi\u00fap ti\u1ebft ki\u1ec7m \u0111\u1ea1n v\u00ec m\u1ed9t vi\u00ean c\u00f3 th\u1ec3 tr\u00fang nhi\u1ec1u m\u1ee5c ti\u00eau tr\u00ean \u0111\u01b0\u1eddng \u0111i.<\/span><\/li>\n<li style=\"font-weight: 400;\" aria-level=\"1\"><b>B\u1eafn theo \u0111\u00e0n c\u00e1 di chuy\u1ec3n:<\/b><span style=\"font-weight: 400;\"> Khi \u0111\u00e0n c\u00e1 nh\u1ecf xu\u1ea5t hi\u1ec7n, h\u00e3y d\u00f9ng \u0111\u1ea1n nh\u1ecf qu\u00e9t nhanh \u0111\u1ec3 thu th\u1eadp \u0111i\u1ec3m th\u01b0\u1edfng t\u00edch l\u0169y <\/span><b>b\u1eafn c\u00e1 OPEN88<\/b><span style=\"font-weight: 400;\"> nhanh ch\u00f3ng. Chi\u1ebfn thu\u1eadt n\u00e0y ph\u00f9 h\u1ee3p v\u1edbi th\u00e0nh vi\u00ean c\u00f3 v\u1ed1n v\u1eeba ph\u1ea3i mu\u1ed1n ch\u01a1i l\u00e2u d\u00e0i \u1ed5n \u0111\u1ecbnh.<\/span><\/li>\n<li style=\"font-weight: 400;\" aria-level=\"1\"><b>S\u1eed d\u1ee5ng k\u1ef9 n\u0103ng \u0111\u1eb7c bi\u1ec7t \u0111\u00fang l\u00fac:<\/b><span style=\"font-weight: 400;\"> M\u1ed7i lo\u1ea1i s\u00fang \u0111\u1ec1u c\u00f3 skill ri\u00eang v\u1edbi th\u1eddi gian h\u1ed3i chi\u00eau kh\u00e1c nhau, c\u00e1c b\u1ea1n c\u1ea7n n\u1eafm r\u00f5 \u0111\u1ec3 k\u00edch ho\u1ea1t hi\u1ec7u qu\u1ea3. \u0110\u1eb7c bi\u1ec7t, skill ph\u00f3ng l\u01b0\u1edbi ho\u1eb7c bom n\u00ean d\u00f9ng khi c\u00f3 nh\u00f3m c\u00e1 l\u1edbn t\u1ee5 t\u1eadp \u0111\u1ec3 \u0111\u1ea1t hi\u1ec7u qu\u1ea3 cao nh\u1ea5t.<\/span><\/li>\n<\/ul>\n<h2><span id=\"Chuong_trinh_khuyen_mai_san_thuong_hap_dan\"><b>Ch\u01b0\u01a1ng tr\u00ecnh khuy\u1ebfn m\u00e3i s\u0103n th\u01b0\u1edfng h\u1ea5p d\u1eabn<\/b><\/span><\/h2>\n<figure id=\"attachment_113\" aria-describedby=\"caption-attachment-113\" style=\"width: 800px\" class=\"wp-caption aligncenter\"><img decoding=\"async\" class=\"size-full wp-image-113\" src=\"http:\/\/whatifwefly.uk.com\/wp-content\/uploads\/2026\/03\/uu-dai-ban-ca-giup-thanh-vien-tang-von.jpg\" alt=\"\u01afu \u0111\u00e3i b\u1eafn c\u00e1 gi\u00fap th\u00e0nh vi\u00ean t\u0103ng v\u1ed1n\" width=\"800\" height=\"400\" srcset=\"https:\/\/whatifwefly.uk.com\/wp-content\/uploads\/2026\/03\/uu-dai-ban-ca-giup-thanh-vien-tang-von.jpg 800w, https:\/\/whatifwefly.uk.com\/wp-content\/uploads\/2026\/03\/uu-dai-ban-ca-giup-thanh-vien-tang-von-300x150.jpg 300w, https:\/\/whatifwefly.uk.com\/wp-content\/uploads\/2026\/03\/uu-dai-ban-ca-giup-thanh-vien-tang-von-768x384.jpg 768w\" sizes=\"(max-width: 800px) 100vw, 800px\" \/><figcaption id=\"caption-attachment-113\" class=\"wp-caption-text\">\u01afu \u0111\u00e3i b\u1eafn c\u00e1 gi\u00fap th\u00e0nh vi\u00ean t\u0103ng v\u1ed1n<\/figcaption><\/figure>\n<p><b>B\u1eafn c\u00e1 OPEN88<\/b><span style=\"font-weight: 400;\"> th\u01b0\u1eddng xuy\u00ean tri\u1ec3n khai c\u00e1c ch\u01b0\u01a1ng tr\u00ecnh khuy\u1ebfn m\u00e3i h\u1ea5p d\u1eabn d\u00e0nh ri\u00eang cho th\u00e0nh vi\u00ean y\u00eau th\u00edch s\u1ea3nh game n\u00e0y. C\u00e1c b\u1ea1n c\u00f3 th\u1ec3 t\u1eadn d\u1ee5ng nh\u1eefng \u01b0u \u0111\u00e3i sau \u0111\u1ec3 t\u0103ng th\u00eam \u0111\u1ea1n b\u1eafn v\u00e0 k\u00e9o d\u00e0i th\u1eddi gian ch\u01a1i c\u1ee7a m\u00ecnh.<\/span><\/p>\n<h3><span id=\"Thuong_chao_mung_thanh_vien_moi\"><b>Th\u01b0\u1edfng ch\u00e0o m\u1eebng th\u00e0nh vi\u00ean m\u1edbi<\/b><\/span><\/h3>\n<p><span style=\"font-weight: 400;\">Th\u00e0nh vi\u00ean \u0111\u0103ng k\u00fd l\u1ea7n \u0111\u1ea7u nh\u1eadn ngay 100% gi\u00e1 tr\u1ecb n\u1ea1p \u0111\u1ea7u ti\u00ean, t\u1ed1i \u0111a l\u00ean \u0111\u1ebfn 5 tri\u1ec7u \u0111\u1ed3ng \u0111\u1ec3 tr\u1ea3i nghi\u1ec7m s\u1ea3nh game. Ngo\u00e0i ra, c\u00e1c b\u1ea1n c\u00f2n \u0111\u01b0\u1ee3c t\u1eb7ng th\u00eam 50 l\u01b0\u1ee3t quay may m\u1eafn v\u1edbi c\u01a1 h\u1ed9i nh\u1eadn \u0111\u1ea1n mi\u1ec5n ph\u00ed v\u00e0 v\u1eadt ph\u1ea9m qu\u00fd hi\u1ebfm.<\/span><\/p>\n<p><span style=\"font-weight: 400;\">\u0110i\u1ec1u ki\u1ec7n v\u00f2ng c\u01b0\u1ee3c ch\u1ec9 15 l\u1ea7n, th\u1ea5p h\u01a1n nhi\u1ec1u so v\u1edbi c\u00e1c n\u1ec1n t\u1ea3ng kh\u00e1c tr\u00ean th\u1ecb tr\u01b0\u1eddng hi\u1ec7n nay. \u0110\u1ed3ng th\u1eddi, th\u1eddi h\u1ea1n ho\u00e0n th\u00e0nh l\u00ean \u0111\u1ebfn 30 ng\u00e0y gi\u00fap th\u00e0nh vi\u00ean kh\u00f4ng b\u1ecb \u00e1p l\u1ef1c khi tham gia ch\u01b0\u01a1ng tr\u00ecnh khuy\u1ebfn m\u00e3i h\u1ea5p d\u1eabn.<\/span><\/p>\n<h3><span id=\"Hoan_tra_hang_ngay_khong_gioi_han\"><b>Ho\u00e0n tr\u1ea3 h\u00e0ng ng\u00e0y kh\u00f4ng gi\u1edbi h\u1ea1n<\/b><\/span><\/h3>\n<p><span style=\"font-weight: 400;\">Ch\u00ednh s\u00e1ch ho\u00e0n tr\u1ea3 1.2% m\u1ed7i ng\u00e0y \u0111\u01b0\u1ee3c \u00e1p d\u1ee5ng t\u1ef1 \u0111\u1ed9ng cho t\u1ea5t c\u1ea3 th\u00e0nh vi\u00ean tham gia s\u1ea3nh b\u1eafn c\u00e1 t\u1ea1i n\u1ec1n t\u1ea3ng. \u0110\u1eb7c bi\u1ec7t, kh\u00f4ng c\u00f3 m\u1ee9c tr\u1ea7n ho\u00e0n tr\u1ea3 n\u00ean c\u00e1c b\u1ea1n ch\u01a1i c\u00e0ng nhi\u1ec1u th\u00ec nh\u1eadn l\u1ea1i c\u00e0ng l\u1edbn m\u1ed7i ng\u00e0y.<\/span><\/p>\n<p><span style=\"font-weight: 400;\">Ti\u1ec1n ho\u00e0n tr\u1ea3 \u0111\u01b0\u1ee3c c\u1ed9ng v\u00e0o t\u00e0i kho\u1ea3n ch\u00ednh l\u00fac 10h s\u00e1ng, c\u00f3 th\u1ec3 s\u1eed d\u1ee5ng ngay kh\u00f4ng c\u1ea7n \u0111\u1ee3i duy\u1ec7t th\u1ee7 c\u00f4ng phi\u1ec1n ph\u1ee9c. B\u00ean c\u1ea1nh \u0111\u00f3, th\u00e0nh vi\u00ean VIP \u0111\u01b0\u1ee3c h\u01b0\u1edfng t\u1ef7 l\u1ec7 ho\u00e0n tr\u1ea3 cao h\u01a1n l\u00ean \u0111\u1ebfn 2% t\u00f9y theo c\u1ea5p b\u1eadc hi\u1ec7n t\u1ea1i.<\/span><\/p>\n<h3><span id=\"Giai_dau_san_thuong_hang_tuan\"><b>Gi\u1ea3i \u0111\u1ea5u s\u0103n th\u01b0\u1edfng h\u00e0ng tu\u1ea7n<\/b><\/span><\/h3>\n<p><span style=\"font-weight: 400;\">M\u1ed7i tu\u1ea7n n\u1ec1n t\u1ea3ng t\u1ed5 ch\u1ee9c gi\u1ea3i \u0111\u1ea5u v\u1edbi t\u1ed5ng gi\u1ea3i th\u01b0\u1edfng l\u00ean \u0111\u1ebfn 500 tri\u1ec7u \u0111\u1ed3ng d\u00e0nh cho top 100 th\u00e0nh vi\u00ean xu\u1ea5t s\u1eafc. Ngo\u00e0i ra, gi\u1ea3i th\u01b0\u1edfng ph\u1ee5 d\u00e0nh cho nh\u1eefng c\u00e1 nh\u00e2n h\u1ea1 \u0111\u01b0\u1ee3c boss hi\u1ebfm nh\u1ea5t trong tu\u1ea7n c\u0169ng r\u1ea5t \u0111\u00e1ng \u0111\u1ec3 tham gia.<\/span><\/p>\n<p><span style=\"font-weight: 400;\">C\u00e1ch t\u00ednh \u0111i\u1ec3m d\u1ef1a tr\u00ean t\u1ed5ng s\u1ed1 c\u00e1 h\u1ea1 g\u1ee5c nh\u00e2n v\u1edbi h\u1ec7 s\u1ed1 \u0111i\u1ec3m c\u1ee7a t\u1eebng lo\u1ea1i c\u00e1 trong b\u1ea3ng x\u1ebfp h\u1ea1ng ch\u00ednh th\u1ee9c. \u0110\u1ed3ng th\u1eddi, th\u00e0nh vi\u00ean tham gia gi\u1ea3i \u0111\u1ea5u c\u00f2n nh\u1eadn th\u00eam 20% \u0111i\u1ec3m th\u01b0\u1edfng bonus n\u1ebfu duy tr\u00ec chu\u1ed7i ch\u01a1i li\u00ean t\u1ee5c 7 ng\u00e0y.<\/span><\/p>\n<h2><span id=\"Loi_ket\"><b>L\u1eddi k\u1ebft<\/b><\/span><\/h2>\n<p><a href=\"https:\/\/whatifwefly.uk.com\/index.php\/ban-ca-open88\/\"><b>B\u1eafn c\u00e1 OPEN88<\/b><\/a><span style=\"font-weight: 400;\"> x\u1ee9ng \u0111\u00e1ng l\u00e0 l\u1ef1a ch\u1ecdn h\u00e0ng \u0111\u1ea7u cho nh\u1eefng ai \u0111am m\u00ea tr\u00f2 ch\u01a1i s\u0103n th\u01b0\u1edfng tr\u1ef1c tuy\u1ebfn v\u1edbi \u0111\u1ed3 h\u1ecda \u0111\u1eb9p m\u1eaft v\u00e0 t\u1ef7 l\u1ec7 th\u01b0\u1edfng cao. C\u00e1c b\u1ea1n h\u00e3y \u00e1p d\u1ee5ng nh\u1eefng m\u1eb9o ch\u01a1i v\u00e0 t\u1eadn d\u1ee5ng khuy\u1ebfn m\u00e3i \u0111\u00e3 chia s\u1ebb \u0111\u1ec3 t\u0103ng c\u01a1 h\u1ed9i chi\u1ebfn th\u1eafng m\u1ed7i ng\u00e0y. \u0110\u0103ng k\u00fd ngay t\u1ea1i <\/span><b>OPEN88<\/b><span style=\"font-weight: 400;\"> \u0111\u1ec3 b\u1eaft \u0111\u1ea7u h\u00e0nh tr\u00ecnh s\u0103n th\u01b0\u1edfng \u0111\u1ea7y th\u00fa v\u1ecb v\u00e0 nh\u1eadn \u01b0u \u0111\u00e3i ch\u00e0o m\u1eebng c\u1ef1c kh\u1ee7ng.<\/span><\/p>\n","protected":false},"excerpt":{"rendered":"<p>Contents1 B\u1eafn C\u00e1 OPEN88 &#8211; Kh\u00e1m Ph\u00e1 B\u1eafn C\u00e1 Hay, \u01afu \u0110\u00e3i C\u1ef1c S\u1ed1c1.1 Gi\u1edbi thi\u1ec7u s\u1ea3nh b\u1eafn c\u00e1 OPEN88 uy t\u00edn s\u1ed1 m\u1ed9t1.1.1 Qu\u00e1 tr\u00ecnh ph\u00e1t tri\u1ec3n \u1ea5n t\u01b0\u1ee3ng1.1.2 Cam k\u1ebft minh b\u1ea1ch v\u1edbi th\u00e0nh vi\u00ean1.1.3 \u01afu \u0111i\u1ec3m v\u01b0\u1ee3t tr\u1ed9i so v\u1edbi \u0111\u1ed1i th\u1ee71.2 B\u00ed k\u00edp s\u0103n th\u01b0\u1edfng b\u1eafn c\u00e1 OPEN88 hi\u1ec7u qu\u1ea3 cao1.3 [&#8230;]\n","protected":false},"author":1,"featured_media":114,"parent":0,"menu_order":0,"comment_status":"closed","ping_status":"closed","template":"","meta":{"footnotes":""},"class_list":["post-28","page","type-page","status-publish","has-post-thumbnail","hentry"],"_links":{"self":[{"href":"https:\/\/whatifwefly.uk.com\/index.php\/wp-json\/wp\/v2\/pages\/28","targetHints":{"allow":["GET"]}}],"collection":[{"href":"https:\/\/whatifwefly.uk.com\/index.php\/wp-json\/wp\/v2\/pages"}],"about":[{"href":"https:\/\/whatifwefly.uk.com\/index.php\/wp-json\/wp\/v2\/types\/page"}],"author":[{"embeddable":true,"href":"https:\/\/whatifwefly.uk.com\/index.php\/wp-json\/wp\/v2\/users\/1"}],"replies":[{"embeddable":true,"href":"https:\/\/whatifwefly.uk.com\/index.php\/wp-json\/wp\/v2\/comments?post=28"}],"version-history":[{"count":2,"href":"https:\/\/whatifwefly.uk.com\/index.php\/wp-json\/wp\/v2\/pages\/28\/revisions"}],"predecessor-version":[{"id":177,"href":"https:\/\/whatifwefly.uk.com\/index.php\/wp-json\/wp\/v2\/pages\/28\/revisions\/177"}],"wp:featuredmedia":[{"embeddable":true,"href":"https:\/\/whatifwefly.uk.com\/index.php\/wp-json\/wp\/v2\/media\/114"}],"wp:attachment":[{"href":"https:\/\/whatifwefly.uk.com\/index.php\/wp-json\/wp\/v2\/media?parent=28"}],"curies":[{"name":"wp","href":"https:\/\/api.w.org\/{rel}","templated":true}]}}