{"id":30,"date":"2026-03-10T06:37:38","date_gmt":"2026-03-10T06:37:38","guid":{"rendered":"https:\/\/whatifwefly.uk.com\/?page_id=30"},"modified":"2026-03-15T06:10:59","modified_gmt":"2026-03-15T06:10:59","slug":"da-ga-open88","status":"publish","type":"page","link":"https:\/\/whatifwefly.uk.com\/index.php\/da-ga-open88\/","title":{"rendered":"\u0110\u00e1 g\u00e0"},"content":{"rendered":"<div id=\"toc_container\" class=\"no_bullets\"><p class=\"toc_title\">Contents<\/p><ul class=\"toc_list\"><li><a href=\"#Da_Ga_OPEN88_8211_Kham_Pha_Nhung_Hinh_Thuc_Cuoc_Thu_Vi\"><span class=\"toc_number toc_depth_1\">1<\/span> \u0110\u00e1 G\u00e0 OPEN88 &#8211; Kh\u00e1m Ph\u00e1 Nh\u1eefng H\u00ecnh Th\u1ee9c C\u01b0\u1ee3c Th\u00fa V\u1ecb<\/a><ul><li><a href=\"#Gioi_thieu_sanh_da_ga_OPEN88_uy_tin_so_mot\"><span class=\"toc_number toc_depth_2\">1.1<\/span> Gi\u1edbi thi\u1ec7u s\u1ea3nh \u0111\u00e1 g\u00e0 OPEN88 uy t\u00edn s\u1ed1 m\u1ed9t<\/a><\/li><li><a href=\"#So_sanh_da_ga_OPEN88_voi_cac_nha_cai_khac\"><span class=\"toc_number toc_depth_2\">1.2<\/span> So s\u00e1nh \u0111\u00e1 g\u00e0 OPEN88 v\u1edbi c\u00e1c nh\u00e0 c\u00e1i kh\u00e1c<\/a><\/li><li><a href=\"#Huong_dan_xem_truc_tiep_tai_sanh_cuoc\"><span class=\"toc_number toc_depth_2\">1.3<\/span> H\u01b0\u1edbng d\u1eabn xem tr\u1ef1c ti\u1ebfp t\u1ea1i s\u1ea3nh c\u01b0\u1ee3c<\/a><ul><li><a href=\"#Xem_qua_app_dien_thoai\"><span class=\"toc_number toc_depth_3\">1.3.1<\/span> Xem qua app \u0111i\u1ec7n tho\u1ea1i<\/a><\/li><li><a href=\"#Nhieu_goc_camera_quan_sat\"><span class=\"toc_number toc_depth_3\">1.3.2<\/span> Nhi\u1ec1u g\u00f3c camera quan s\u00e1t<\/a><\/li><li><a href=\"#Binh_luan_vien_truc_tiep\"><span class=\"toc_number toc_depth_3\">1.3.3<\/span> B\u00ecnh lu\u1eadn vi\u00ean tr\u1ef1c ti\u1ebfp<\/a><\/li><\/ul><\/li><li><a href=\"#Loi_ket\"><span class=\"toc_number toc_depth_2\">1.4<\/span> L\u1eddi k\u1ebft<\/a><\/li><\/ul><\/li><\/ul><\/div>\n<h1 style=\"text-align: center;\"><span id=\"Da_Ga_OPEN88_8211_Kham_Pha_Nhung_Hinh_Thuc_Cuoc_Thu_Vi\"><b>\u0110\u00e1 G\u00e0 OPEN88 &#8211; Kh\u00e1m Ph\u00e1 Nh\u1eefng H\u00ecnh Th\u1ee9c C\u01b0\u1ee3c Th\u00fa V\u1ecb<\/b><\/span><\/h1>\n<p><b>\u0110\u00e1 g\u00e0 OPEN88<\/b><span style=\"font-weight: 400;\"> \u0111ang tr\u1edf th\u00e0nh l\u1ef1a ch\u1ecdn h\u00e0ng \u0111\u1ea7u c\u1ee7a h\u00e0ng tri\u1ec7u th\u00e0nh vi\u00ean y\u00eau th\u00edch b\u1ed9 m\u00f4n th\u1ec3 thao truy\u1ec1n th\u1ed1ng h\u1ea5p d\u1eabn n\u00e0y. V\u1edbi ch\u1ea5t l\u01b0\u1ee3ng livestream s\u1eafc n\u00e9t c\u00f9ng t\u1ef7 l\u1ec7 c\u01b0\u1ee3c c\u1ea1nh tranh, s\u1ea3nh c\u01b0\u1ee3c thu h\u00fat \u0111\u00f4ng \u0111\u1ea3o c\u00e1c b\u1ea1n tham gia m\u1ed7i ng\u00e0y. H\u00e3y c\u00f9ng kh\u00e1m ph\u00e1 nh\u1eefng tr\u1ea3i nghi\u1ec7m tuy\u1ec7t v\u1eddi t\u1ea1i <\/span><a href=\"https:\/\/whatifwefly.uk.com\/\"><b>OPEN88<\/b><\/a><span style=\"font-weight: 400;\"> ngay h\u00f4m nay.<\/span><\/p>\n<h2><span id=\"Gioi_thieu_sanh_da_ga_OPEN88_uy_tin_so_mot\"><b>Gi\u1edbi thi\u1ec7u s\u1ea3nh \u0111\u00e1 g\u00e0 OPEN88 uy t\u00edn s\u1ed1 m\u1ed9t<\/b><\/span><\/h2>\n<figure id=\"attachment_140\" aria-describedby=\"caption-attachment-140\" style=\"width: 800px\" class=\"wp-caption aligncenter\"><img decoding=\"async\" class=\"size-full wp-image-140\" src=\"http:\/\/whatifwefly.uk.com\/wp-content\/uploads\/2026\/03\/sanh-da-ga-open88-uy-tin-hang-dau.jpg\" alt=\"S\u1ea3nh \u0111\u00e1 g\u00e0 OPEN88 uy t\u00edn h\u00e0ng \u0111\u1ea7u\" width=\"800\" height=\"400\" srcset=\"https:\/\/whatifwefly.uk.com\/wp-content\/uploads\/2026\/03\/sanh-da-ga-open88-uy-tin-hang-dau.jpg 800w, https:\/\/whatifwefly.uk.com\/wp-content\/uploads\/2026\/03\/sanh-da-ga-open88-uy-tin-hang-dau-300x150.jpg 300w, https:\/\/whatifwefly.uk.com\/wp-content\/uploads\/2026\/03\/sanh-da-ga-open88-uy-tin-hang-dau-768x384.jpg 768w\" sizes=\"(max-width: 800px) 100vw, 800px\" \/><figcaption id=\"caption-attachment-140\" class=\"wp-caption-text\">S\u1ea3nh \u0111\u00e1 g\u00e0 OPEN88 uy t\u00edn h\u00e0ng \u0111\u1ea7u<\/figcaption><\/figure>\n<p><b>\u0110\u00e1 g\u00e0 OPEN88<\/b><span style=\"font-weight: 400;\"> \u0111\u01b0\u1ee3c x\u00e2y d\u1ef1ng v\u00e0 ph\u00e1t tri\u1ec3n t\u1eeb n\u0103m 2018, tr\u1ea3i qua nhi\u1ec1u n\u0103m ho\u1ea1t \u0111\u1ed9ng \u0111\u00e3 kh\u1eb3ng \u0111\u1ecbnh v\u1ecb th\u1ebf v\u1eefng ch\u1eafc tr\u00ean th\u1ecb tr\u01b0\u1eddng. S\u1ea3nh c\u01b0\u1ee3c s\u1edf h\u1eefu gi\u1ea5y ph\u00e9p ho\u1ea1t \u0111\u1ed9ng h\u1ee3p ph\u00e1p t\u1eeb PAGCOR v\u00e0 Isle of Man, \u0111\u1ea3m b\u1ea3o t\u00ednh minh b\u1ea1ch cho m\u1ecdi giao d\u1ecbch.<\/span><\/p>\n<p><span style=\"font-weight: 400;\">T\u00ednh \u0111\u1ebfn n\u0103m 2026, n\u1ec1n t\u1ea3ng ghi nh\u1eadn h\u01a1n 5 tri\u1ec7u l\u01b0\u1ee3t truy c\u1eadp m\u1ed7i th\u00e1ng t\u1eeb th\u00e0nh vi\u00ean kh\u1eafp ch\u00e2u \u00c1 v\u00e0 th\u1ebf gi\u1edbi. H\u1ec7 th\u1ed1ng b\u1ea3o m\u1eadt SSL 256-bit ti\u00ean ti\u1ebfn gi\u00fap b\u1ea3o v\u1ec7 th\u00f4ng tin c\u00e1 nh\u00e2n c\u1ee7a c\u00e1c b\u1ea1n m\u1ed9t c\u00e1ch tuy\u1ec7t \u0111\u1ed1i an to\u00e0n.<\/span><\/p>\n<p><span style=\"font-weight: 400;\">\u0110\u1ed9i ng\u0169 k\u1ef9 thu\u1eadt vi\u00ean chuy\u00ean nghi\u1ec7p l\u00e0m vi\u1ec7c 24\/7 \u0111\u1ec3 \u0111\u1ea3m b\u1ea3o h\u1ec7 th\u1ed1ng v\u1eadn h\u00e0nh \u1ed5n \u0111\u1ecbnh, kh\u00f4ng x\u1ea3y ra t\u00ecnh tr\u1ea1ng lag hay gi\u1eadt. Ngo\u00e0i ra, s\u1ea3nh c\u01b0\u1ee3c li\u00ean t\u1ee5c c\u1eadp nh\u1eadt c\u00f4ng ngh\u1ec7 m\u1edbi nh\u1ea5t \u0111\u1ec3 n\u00e2ng cao tr\u1ea3i nghi\u1ec7m cho th\u00e0nh vi\u00ean tham gia \u0111\u1eb7t c\u01b0\u1ee3c.<\/span><\/p>\n<h2><span id=\"So_sanh_da_ga_OPEN88_voi_cac_nha_cai_khac\"><b>So s\u00e1nh \u0111\u00e1 g\u00e0 OPEN88 v\u1edbi c\u00e1c nh\u00e0 c\u00e1i kh\u00e1c<\/b><\/span><\/h2>\n<figure id=\"attachment_141\" aria-describedby=\"caption-attachment-141\" style=\"width: 800px\" class=\"wp-caption aligncenter\"><img decoding=\"async\" class=\"size-full wp-image-141\" src=\"http:\/\/whatifwefly.uk.com\/wp-content\/uploads\/2026\/03\/so-sanh-sanh-ga-voi-doi-thu-canh-tranh.jpg\" alt=\"So s\u00e1nh s\u1ea3nh g\u00e0 v\u1edbi \u0111\u1ed1i th\u1ee7 c\u1ea1nh tranh\" width=\"800\" height=\"400\" srcset=\"https:\/\/whatifwefly.uk.com\/wp-content\/uploads\/2026\/03\/so-sanh-sanh-ga-voi-doi-thu-canh-tranh.jpg 800w, https:\/\/whatifwefly.uk.com\/wp-content\/uploads\/2026\/03\/so-sanh-sanh-ga-voi-doi-thu-canh-tranh-300x150.jpg 300w, https:\/\/whatifwefly.uk.com\/wp-content\/uploads\/2026\/03\/so-sanh-sanh-ga-voi-doi-thu-canh-tranh-768x384.jpg 768w\" sizes=\"(max-width: 800px) 100vw, 800px\" \/><figcaption id=\"caption-attachment-141\" class=\"wp-caption-text\">So s\u00e1nh s\u1ea3nh g\u00e0 v\u1edbi \u0111\u1ed1i th\u1ee7 c\u1ea1nh tranh<\/figcaption><\/figure>\n<p><b>\u0110\u00e1 g\u00e0 OPEN88<\/b><span style=\"font-weight: 400;\"> c\u00f3 nhi\u1ec1u \u01b0u \u0111i\u1ec3m v\u01b0\u1ee3t tr\u1ed9i so v\u1edbi c\u00e1c n\u1ec1n t\u1ea3ng c\u00e1 c\u01b0\u1ee3c kh\u00e1c tr\u00ean th\u1ecb tr\u01b0\u1eddng hi\u1ec7n nay. D\u01b0\u1edbi \u0111\u00e2y l\u00e0 nh\u1eefng \u0111i\u1ec3m kh\u00e1c bi\u1ec7t gi\u00fap s\u1ea3nh c\u01b0\u1ee3c lu\u00f4n d\u1eabn \u0111\u1ea7u xu h\u01b0\u1edbng.<\/span><\/p>\n<ul>\n<li style=\"font-weight: 400;\" aria-level=\"1\"><b>S\u1ea3nh \u0111\u00e1 g\u00e0 \u0111a d\u1ea1ng h\u01a1n:<\/b><span style=\"font-weight: 400;\"> N\u1ec1n t\u1ea3ng cung c\u1ea5p h\u01a1n 10 s\u1ea3nh c\u01b0\u1ee3c t\u1eeb c\u00e1c tr\u01b0\u1eddng g\u00e0 n\u1ed5i ti\u1ebfng t\u1ea1i Philippines, Campuchia v\u00e0 Vi\u1ec7t Nam. M\u1ed7i s\u1ea3nh c\u00f3 \u0111\u1eb7c \u0111i\u1ec3m ri\u00eang bi\u1ec7t, gi\u00fap c\u00e1c b\u1ea1n tho\u1ea3i m\u00e1i l\u1ef1a ch\u1ecdn theo s\u1edf th\u00edch c\u00e1 nh\u00e2n.<\/span><\/li>\n<li style=\"font-weight: 400;\" aria-level=\"1\"><b>Livestream s\u1eafc n\u00e9t h\u01a1n:<\/b><span style=\"font-weight: 400;\"> Ch\u1ea5t l\u01b0\u1ee3ng video \u0111\u1ea1t chu\u1ea9n Full HD 1080p, <\/span><b>\u0111\u00e1 g\u00e0 OPEN88<\/b><span style=\"font-weight: 400;\"> cam k\u1ebft h\u00ecnh \u1ea3nh r\u00f5 r\u00e0ng kh\u00f4ng b\u1ecb gi\u1eadt lag. \u00c2m thanh tr\u1ef1c ti\u1ebfp t\u1eeb tr\u01b0\u1eddng g\u00e0 \u0111\u01b0\u1ee3c truy\u1ec1n t\u1ea3i ch\u00e2n th\u1ef1c, s\u1ed1ng \u0111\u1ed9ng nh\u01b0 \u0111ang c\u00f3 m\u1eb7t t\u1ea1i hi\u1ec7n tr\u01b0\u1eddng.<\/span><\/li>\n<li style=\"font-weight: 400;\" aria-level=\"1\"><b>T\u1ef7 l\u1ec7 c\u01b0\u1ee3c cao h\u01a1n:<\/b><span style=\"font-weight: 400;\"> M\u1ee9c t\u1ef7 l\u1ec7 k\u00e8o t\u1ea1i \u0111\u00e2y lu\u00f4n h\u1ea5p d\u1eabn h\u01a1n t\u1eeb 5-10% so v\u1edbi c\u00e1c nh\u00e0 c\u00e1i c\u1ea1nh tranh kh\u00e1c. Th\u00e0nh vi\u00ean c\u00f3 c\u01a1 h\u1ed9i nh\u1eadn v\u1ec1 l\u1ee3i nhu\u1eadn cao h\u01a1n v\u1edbi m\u1ed7i tr\u1eadn \u0111\u1ea5u th\u1eafng c\u01b0\u1ee3c.<\/span><\/li>\n<li style=\"font-weight: 400;\" aria-level=\"1\"><b>Tr\u1eadn \u0111\u1ea5u nhi\u1ec1u h\u01a1n:<\/b><span style=\"font-weight: 400;\"> M\u1ed7i ng\u00e0y c\u00f3 h\u01a1n 200 tr\u1eadn \u0111\u1ea5u \u0111\u01b0\u1ee3c ph\u00e1t s\u00f3ng tr\u1ef1c ti\u1ebfp, <\/span><b>\u0111\u00e1 g\u00e0 OPEN88<\/b><span style=\"font-weight: 400;\"> ph\u1ee5c v\u1ee5 c\u00e1c b\u1ea1n 24\/7 kh\u00f4ng ngh\u1ec9. L\u1ecbch thi \u0111\u1ea5u \u0111\u01b0\u1ee3c c\u1eadp nh\u1eadt li\u00ean t\u1ee5c, gi\u00fap m\u1ecdi ng\u01b0\u1eddi d\u1ec5 d\u00e0ng theo d\u00f5i v\u00e0 \u0111\u1eb7t c\u01b0\u1ee3c.<\/span><\/li>\n<li style=\"font-weight: 400;\" aria-level=\"1\"><b>Khuy\u1ebfn m\u00e3i h\u1ea5p d\u1eabn h\u01a1n:<\/b><span style=\"font-weight: 400;\"> Ch\u01b0\u01a1ng tr\u00ecnh \u01b0u \u0111\u00e3i phong th\u00e1i \u0111a d\u1ea1ng v\u1edbi m\u1ee9c th\u01b0\u1edfng n\u1ea1p \u0111\u1ea7u l\u00ean \u0111\u1ebfn 100% gi\u00e1 tr\u1ecb n\u1ea1p. Ho\u00e0n tr\u1ea3 c\u01b0\u1ee3c thua h\u00e0ng tu\u1ea7n gi\u00fap th\u00e0nh vi\u00ean gi\u1ea3m thi\u1ec3u r\u1ee7i ro khi tham gia c\u00e1 c\u01b0\u1ee3c.<\/span><\/li>\n<\/ul>\n<table>\n<tbody>\n<tr>\n<td><b>Ti\u00eau ch\u00ed<\/b><\/td>\n<td><b>OPEN88<\/b><\/td>\n<td><b>Nh\u00e0 c\u00e1i kh\u00e1c<\/b><\/p>\n<p><span style=\"font-weight: 400;\">\u00a0<\/span><\/td>\n<\/tr>\n<tr>\n<td><b>S\u1ed1 s\u1ea3nh c\u01b0\u1ee3c<\/b><\/td>\n<td><span style=\"font-weight: 400;\">10+ s\u1ea3nh<\/span><\/td>\n<td><span style=\"font-weight: 400;\">3-5 s\u1ea3nh<\/span><\/td>\n<\/tr>\n<tr>\n<td><b>Ch\u1ea5t l\u01b0\u1ee3ng stream<\/b><\/td>\n<td><span style=\"font-weight: 400;\">Full HD 1080p<\/span><\/td>\n<td><span style=\"font-weight: 400;\">HD 720p<\/span><\/td>\n<\/tr>\n<tr>\n<td><b>T\u1ef7 l\u1ec7 c\u01b0\u1ee3c<\/b><\/td>\n<td><span style=\"font-weight: 400;\">Cao h\u01a1n 5-10%<\/span><\/td>\n<td><span style=\"font-weight: 400;\">Trung b\u00ecnh<\/span><\/td>\n<\/tr>\n<tr>\n<td><b>Tr\u1eadn \u0111\u1ea5u\/ng\u00e0y<\/b><\/td>\n<td><span style=\"font-weight: 400;\">200+ tr\u1eadn<\/span><\/td>\n<td><span style=\"font-weight: 400;\">50-100 tr\u1eadn<\/span><\/td>\n<\/tr>\n<\/tbody>\n<\/table>\n<p>&nbsp;<\/p>\n<h2><span id=\"Huong_dan_xem_truc_tiep_tai_sanh_cuoc\"><b>H\u01b0\u1edbng d\u1eabn xem tr\u1ef1c ti\u1ebfp t\u1ea1i s\u1ea3nh c\u01b0\u1ee3c<\/b><\/span><\/h2>\n<figure id=\"attachment_142\" aria-describedby=\"caption-attachment-142\" style=\"width: 800px\" class=\"wp-caption aligncenter\"><img decoding=\"async\" class=\"size-full wp-image-142\" src=\"http:\/\/whatifwefly.uk.com\/wp-content\/uploads\/2026\/03\/huong-dan-xem-livestream-truc-tiep.jpg\" alt=\"H\u01b0\u1edbng d\u1eabn xem livestream tr\u1ef1c ti\u1ebfp\" width=\"800\" height=\"400\" srcset=\"https:\/\/whatifwefly.uk.com\/wp-content\/uploads\/2026\/03\/huong-dan-xem-livestream-truc-tiep.jpg 800w, https:\/\/whatifwefly.uk.com\/wp-content\/uploads\/2026\/03\/huong-dan-xem-livestream-truc-tiep-300x150.jpg 300w, https:\/\/whatifwefly.uk.com\/wp-content\/uploads\/2026\/03\/huong-dan-xem-livestream-truc-tiep-768x384.jpg 768w\" sizes=\"(max-width: 800px) 100vw, 800px\" \/><figcaption id=\"caption-attachment-142\" class=\"wp-caption-text\">H\u01b0\u1edbng d\u1eabn xem livestream tr\u1ef1c ti\u1ebfp<\/figcaption><\/figure>\n<p><b>\u0110\u00e1 g\u00e0 OPEN88<\/b><span style=\"font-weight: 400;\"> cung c\u1ea5p nhi\u1ec1u ph\u01b0\u01a1ng th\u1ee9c xem tr\u1ef1c ti\u1ebfp ti\u1ec7n l\u1ee3i \u0111\u1ec3 th\u00e0nh vi\u00ean c\u00f3 th\u1ec3 theo d\u00f5i m\u1ecdi l\u00fac m\u1ecdi n\u01a1i. D\u01b0\u1edbi \u0111\u00e2y l\u00e0 c\u00e1c c\u00e1ch \u0111\u01a1n gi\u1ea3n nh\u1ea5t \u0111\u1ec3 c\u00e1c b\u1ea1n tr\u1ea3i nghi\u1ec7m nh\u1eefng tr\u1eadn \u0111\u1ea5u k\u1ecbch t\u00ednh.<\/span><\/p>\n<h3><span id=\"Xem_qua_app_dien_thoai\"><b>Xem qua app \u0111i\u1ec7n tho\u1ea1i<\/b><\/span><\/h3>\n<p><span style=\"font-weight: 400;\">\u1ee8ng d\u1ee5ng di \u0111\u1ed9ng \u0111\u01b0\u1ee3c thi\u1ebft k\u1ebf t\u1ed1i \u01b0u cho c\u1ea3 h\u1ec7 \u0111i\u1ec1u h\u00e0nh Android v\u00e0 iOS v\u1edbi dung l\u01b0\u1ee3ng nh\u1eb9 ch\u1ec9 kho\u1ea3ng 50MB. Giao di\u1ec7n th\u00e2n thi\u1ec7n gi\u00fap th\u00e0nh vi\u00ean m\u1edbi c\u0169ng c\u00f3 th\u1ec3 s\u1eed d\u1ee5ng d\u1ec5 d\u00e0ng ngay t\u1eeb l\u1ea7n \u0111\u1ea7u ti\u00ean.<\/span><\/p>\n<p><span style=\"font-weight: 400;\">\u0110\u1eb7c bi\u1ec7t, app h\u1ed7 tr\u1ee3 th\u00f4ng b\u00e1o \u0111\u1ea9y nh\u1eafc nh\u1edf l\u1ecbch thi \u0111\u1ea5u v\u00e0 c\u00e1c ch\u01b0\u01a1ng tr\u00ecnh khuy\u1ebfn m\u00e3i HOT \u0111ang di\u1ec5n ra. C\u00e1c b\u1ea1n c\u00f3 th\u1ec3 \u0111\u1eb7t c\u01b0\u1ee3c nhanh ch\u00f3ng ch\u1ec9 v\u1edbi v\u00e0i thao t\u00e1c ch\u1ea1m \u0111\u01a1n gi\u1ea3n tr\u00ean m\u00e0n h\u00ecnh \u0111i\u1ec7n tho\u1ea1i.<\/span><\/p>\n<h3><span id=\"Nhieu_goc_camera_quan_sat\"><b>Nhi\u1ec1u g\u00f3c camera quan s\u00e1t<\/b><\/span><\/h3>\n<p><span style=\"font-weight: 400;\">H\u1ec7 th\u1ed1ng camera \u0111a g\u00f3c \u0111\u01b0\u1ee3c l\u1eafp \u0111\u1eb7t t\u1ea1i m\u1ed7i tr\u01b0\u1eddng g\u00e0, cho ph\u00e9p th\u00e0nh vi\u00ean quan s\u00e1t tr\u1eadn \u0111\u1ea5u t\u1eeb nhi\u1ec1u h\u01b0\u1edbng kh\u00e1c nhau. Ch\u1ea5t l\u01b0\u1ee3ng h\u00ecnh \u1ea3nh s\u1eafc n\u00e9t gi\u00fap c\u00e1c b\u1ea1n \u0111\u00e1nh gi\u00e1 ch\u00ednh x\u00e1c phong \u0111\u1ed9 c\u1ee7a t\u1eebng chi\u1ebfn k\u00ea.<\/span><\/p>\n<p><span style=\"font-weight: 400;\">B\u00ean c\u1ea1nh \u0111\u00f3, t\u00ednh n\u0103ng zoom c\u1eadn c\u1ea3nh cho ph\u00e9p xem chi ti\u1ebft t\u1eebng \u0111\u1ed9ng t\u00e1c c\u1ee7a g\u00e0 trong su\u1ed1t tr\u1eadn \u0111\u1ea5u. M\u1ecdi ng\u01b0\u1eddi c\u00f3 th\u1ec3 t\u1ef1 do chuy\u1ec3n \u0111\u1ed5i g\u00f3c nh\u00ecn theo \u00fd th\u00edch m\u00e0 kh\u00f4ng \u1ea3nh h\u01b0\u1edfng \u0111\u1ebfn ch\u1ea5t l\u01b0\u1ee3ng livestream.<\/span><\/p>\n<h3><span id=\"Binh_luan_vien_truc_tiep\"><b>B\u00ecnh lu\u1eadn vi\u00ean tr\u1ef1c ti\u1ebfp<\/b><\/span><\/h3>\n<p><span style=\"font-weight: 400;\">\u0110\u1ed9i ng\u0169 b\u00ecnh lu\u1eadn vi\u00ean chuy\u00ean nghi\u1ec7p v\u1edbi kinh nghi\u1ec7m nhi\u1ec1u n\u0103m trong l\u0129nh v\u1ef1c \u0111\u00e1 g\u00e0 s\u1ebd \u0111\u1ed3ng h\u00e0nh c\u00f9ng c\u00e1c b\u1ea1n. H\u1ecd cung c\u1ea5p nh\u1eefng ph\u00e2n t\u00edch chuy\u00ean s\u00e2u v\u1ec1 phong \u0111\u1ed9, l\u1ecbch s\u1eed thi \u0111\u1ea5u c\u1ee7a t\u1eebng chi\u1ebfn k\u00ea tham gia.<\/span><\/p>\n<p><span style=\"font-weight: 400;\">Ngo\u00e0i ra, b\u00ecnh lu\u1eadn vi\u00ean c\u00f2n chia s\u1ebb nh\u1eefng kinh nghi\u1ec7m h\u1eefu \u00edch gi\u00fap th\u00e0nh vi\u00ean \u0111\u01b0a ra quy\u1ebft \u0111\u1ecbnh \u0111\u1eb7t c\u01b0\u1ee3c ch\u00ednh x\u00e1c h\u01a1n. \u00c2m thanh b\u00ecnh lu\u1eadn \u0111\u01b0\u1ee3c \u0111i\u1ec1u ch\u1ec9nh linh ho\u1ea1t, c\u00e1c b\u1ea1n c\u00f3 th\u1ec3 t\u1eaft ho\u1eb7c b\u1eadt t\u00f9y theo s\u1edf th\u00edch c\u00e1 nh\u00e2n.<\/span><\/p>\n<h2><span id=\"Loi_ket\"><b>L\u1eddi k\u1ebft<\/b><\/span><\/h2>\n<p><a href=\"https:\/\/whatifwefly.uk.com\/index.php\/da-ga-open88\/\"><b>\u0110\u00e1 g\u00e0 OPEN88<\/b><\/a><span style=\"font-weight: 400;\"> th\u1ef1c s\u1ef1 l\u00e0 \u0111i\u1ec3m \u0111\u1ebfn l\u00fd t\u01b0\u1edfng cho nh\u1eefng ai \u0111am m\u00ea b\u1ed9 m\u00f4n c\u00e1 c\u01b0\u1ee3c truy\u1ec1n th\u1ed1ng h\u1ea5p d\u1eabn v\u00e0 k\u1ecbch t\u00ednh. V\u1edbi h\u1ec7 th\u1ed1ng c\u00f4ng ngh\u1ec7 hi\u1ec7n \u0111\u1ea1i, t\u1ef7 l\u1ec7 c\u01b0\u1ee3c h\u1ea5p d\u1eabn c\u00f9ng \u0111\u1ed9i ng\u0169 h\u1ed7 tr\u1ee3 chuy\u00ean nghi\u1ec7p, s\u1ea3nh c\u01b0\u1ee3c x\u1ee9ng \u0111\u00e1ng l\u00e0 l\u1ef1a ch\u1ecdn s\u1ed1 m\u1ed9t. H\u00e3y \u0111\u0103ng k\u00fd t\u00e0i kho\u1ea3n ngay h\u00f4m nay \u0111\u1ec3 nh\u1eadn \u01b0u \u0111\u00e3i kh\u1ee7ng v\u00e0 tr\u1ea3i nghi\u1ec7m nh\u1eefng tr\u1eadn \u0111\u1ea5u \u0111\u1ec9nh cao t\u1ea1i <\/span><b>OPEN88<\/b><span style=\"font-weight: 400;\">.<\/span><\/p>\n","protected":false},"excerpt":{"rendered":"<p>Contents1 \u0110\u00e1 G\u00e0 OPEN88 &#8211; Kh\u00e1m Ph\u00e1 Nh\u1eefng H\u00ecnh Th\u1ee9c C\u01b0\u1ee3c Th\u00fa V\u1ecb1.1 Gi\u1edbi thi\u1ec7u s\u1ea3nh \u0111\u00e1 g\u00e0 OPEN88 uy t\u00edn s\u1ed1 m\u1ed9t1.2 So s\u00e1nh \u0111\u00e1 g\u00e0 OPEN88 v\u1edbi c\u00e1c nh\u00e0 c\u00e1i kh\u00e1c1.3 H\u01b0\u1edbng d\u1eabn xem tr\u1ef1c ti\u1ebfp t\u1ea1i s\u1ea3nh c\u01b0\u1ee3c1.3.1 Xem qua app \u0111i\u1ec7n tho\u1ea1i1.3.2 Nhi\u1ec1u g\u00f3c camera quan s\u00e1t1.3.3 B\u00ecnh lu\u1eadn vi\u00ean tr\u1ef1c [&#8230;]\n","protected":false},"author":1,"featured_media":143,"parent":0,"menu_order":0,"comment_status":"closed","ping_status":"closed","template":"","meta":{"footnotes":""},"class_list":["post-30","page","type-page","status-publish","has-post-thumbnail","hentry"],"_links":{"self":[{"href":"https:\/\/whatifwefly.uk.com\/index.php\/wp-json\/wp\/v2\/pages\/30","targetHints":{"allow":["GET"]}}],"collection":[{"href":"https:\/\/whatifwefly.uk.com\/index.php\/wp-json\/wp\/v2\/pages"}],"about":[{"href":"https:\/\/whatifwefly.uk.com\/index.php\/wp-json\/wp\/v2\/types\/page"}],"author":[{"embeddable":true,"href":"https:\/\/whatifwefly.uk.com\/index.php\/wp-json\/wp\/v2\/users\/1"}],"replies":[{"embeddable":true,"href":"https:\/\/whatifwefly.uk.com\/index.php\/wp-json\/wp\/v2\/comments?post=30"}],"version-history":[{"count":3,"href":"https:\/\/whatifwefly.uk.com\/index.php\/wp-json\/wp\/v2\/pages\/30\/revisions"}],"predecessor-version":[{"id":145,"href":"https:\/\/whatifwefly.uk.com\/index.php\/wp-json\/wp\/v2\/pages\/30\/revisions\/145"}],"wp:featuredmedia":[{"embeddable":true,"href":"https:\/\/whatifwefly.uk.com\/index.php\/wp-json\/wp\/v2\/media\/143"}],"wp:attachment":[{"href":"https:\/\/whatifwefly.uk.com\/index.php\/wp-json\/wp\/v2\/media?parent=30"}],"curies":[{"name":"wp","href":"https:\/\/api.w.org\/{rel}","templated":true}]}}