{"id":34,"date":"2026-03-10T06:38:15","date_gmt":"2026-03-10T06:38:15","guid":{"rendered":"https:\/\/whatifwefly.uk.com\/?page_id=34"},"modified":"2026-03-15T06:09:31","modified_gmt":"2026-03-15T06:09:31","slug":"game-bai-open88","status":"publish","type":"page","link":"https:\/\/whatifwefly.uk.com\/index.php\/game-bai-open88\/","title":{"rendered":"Game b\u00e0i"},"content":{"rendered":"<div id=\"toc_container\" class=\"no_bullets\"><p class=\"toc_title\">Contents<\/p><ul class=\"toc_list\"><li><a href=\"#Game_Bai_OPEN88_8211_Kham_Pha_Nhieu_Game_Dang_Cap\"><span class=\"toc_number toc_depth_1\">1<\/span> Game B\u00e0i OPEN88 &#8211; Kh\u00e1m Ph\u00e1 Nhi\u1ec1u Game \u0110\u1eb3ng C\u1ea5p<\/a><ul><li><a href=\"#Gioi_thieu_sanh_game_bai_OPEN88_uy_tin_hang_dau\"><span class=\"toc_number toc_depth_2\">1.1<\/span> Gi\u1edbi thi\u1ec7u s\u1ea3nh game b\u00e0i OPEN88 uy t\u00edn h\u00e0ng \u0111\u1ea7u<\/a><ul><li><a href=\"#Qua_trinh_phat_trien_vuot_bac\"><span class=\"toc_number toc_depth_3\">1.1.1<\/span> Qu\u00e1 tr\u00ecnh ph\u00e1t tri\u1ec3n v\u01b0\u1ee3t b\u1eadc<\/a><\/li><li><a href=\"#Chung_nhan_quoc_te_uy_tin\"><span class=\"toc_number toc_depth_3\">1.1.2<\/span> Ch\u1ee9ng nh\u1eadn qu\u1ed1c t\u1ebf uy t\u00edn<\/a><\/li><li><a href=\"#Cam_ket_vung_chac_voi_thanh_vien\"><span class=\"toc_number toc_depth_3\">1.1.3<\/span> Cam k\u1ebft v\u1eefng ch\u1eafc v\u1edbi th\u00e0nh vi\u00ean<\/a><\/li><\/ul><\/li><li><a href=\"#Uu_diem_HOT_khi_choi_game_bai_OPEN88\"><span class=\"toc_number toc_depth_2\">1.2<\/span> \u01afu \u0111i\u1ec3m HOT khi ch\u01a1i game b\u00e0i OPEN88<\/a><\/li><li><a href=\"#Huong_dan_tham_gia_va_nhan_thuong_hap_dan\"><span class=\"toc_number toc_depth_2\">1.3<\/span> H\u01b0\u1edbng d\u1eabn tham gia v\u00e0 nh\u1eadn th\u01b0\u1edfng h\u1ea5p d\u1eabn<\/a><ul><li><a href=\"#Dang_ky_tai_khoan_sieu_toc\"><span class=\"toc_number toc_depth_3\">1.3.1<\/span> \u0110\u0103ng k\u00fd t\u00e0i kho\u1ea3n si\u00eau t\u1ed1c<\/a><\/li><li><a href=\"#Nap_tien_lan_dau_sieu_nhanh\"><span class=\"toc_number toc_depth_3\">1.3.2<\/span> N\u1ea1p ti\u1ec1n l\u1ea7n \u0111\u1ea7u si\u00eau nhanh<\/a><\/li><li><a href=\"#Nhan_thuong_va_rut_tien_de_dang\"><span class=\"toc_number toc_depth_3\">1.3.3<\/span> Nh\u1eadn th\u01b0\u1edfng v\u00e0 r\u00fat ti\u1ec1n d\u1ec5 d\u00e0ng<\/a><\/li><\/ul><\/li><li><a href=\"#Loi_ket\"><span class=\"toc_number toc_depth_2\">1.4<\/span> L\u1eddi k\u1ebft<\/a><\/li><\/ul><\/li><\/ul><\/div>\n<h1 style=\"text-align: center;\"><span id=\"Game_Bai_OPEN88_8211_Kham_Pha_Nhieu_Game_Dang_Cap\"><b>Game B\u00e0i OPEN88 &#8211; Kh\u00e1m Ph\u00e1 Nhi\u1ec1u Game \u0110\u1eb3ng C\u1ea5p<\/b><\/span><\/h1>\n<p><b>Game b\u00e0i OPEN88<\/b><span style=\"font-weight: 400;\"> \u0111ang tr\u1edf th\u00e0nh l\u1ef1a ch\u1ecdn h\u00e0ng \u0111\u1ea7u c\u1ee7a h\u00e0ng tri\u1ec7u th\u00e0nh vi\u00ean y\u00eau th\u00edch gi\u1ea3i tr\u00ed tr\u1ef1c tuy\u1ebfn t\u1ea1i Vi\u1ec7t Nam hi\u1ec7n nay. S\u1ea3nh ch\u01a1i s\u1edf h\u1eefu kho game \u0111a d\u1ea1ng k\u1ebft h\u1ee3p c\u00f9ng h\u1ec7 th\u1ed1ng b\u1ea3o m\u1eadt ti\u00ean ti\u1ebfn, gi\u00fap m\u1ecdi ng\u01b0\u1eddi an t\u00e2m tr\u1ea3i nghi\u1ec7m m\u1ed7i ng\u00e0y. \u0110\u1eb7c bi\u1ec7t, <\/span><a href=\"https:\/\/whatifwefly.uk.com\/\"><b>OPEN88<\/b><\/a><span style=\"font-weight: 400;\"> c\u00f2n tri\u1ec3n khai nhi\u1ec1u ch\u01b0\u01a1ng tr\u00ecnh th\u01b0\u1edfng h\u1ea5p d\u1eabn d\u00e0nh ri\u00eang cho c\u00e1c b\u1ea1n y\u00eau th\u00edch b\u1ed9 m\u00f4n n\u00e0y.<\/span><\/p>\n<h2><span id=\"Gioi_thieu_sanh_game_bai_OPEN88_uy_tin_hang_dau\"><b>Gi\u1edbi thi\u1ec7u s\u1ea3nh game b\u00e0i OPEN88 uy t\u00edn h\u00e0ng \u0111\u1ea7u<\/b><\/span><\/h2>\n<figure id=\"attachment_134\" aria-describedby=\"caption-attachment-134\" style=\"width: 800px\" class=\"wp-caption aligncenter\"><img decoding=\"async\" class=\"size-full wp-image-134\" src=\"http:\/\/whatifwefly.uk.com\/wp-content\/uploads\/2026\/03\/sanh-game-bai-open88-thu-hut-trieu-thanh-vien.jpg\" alt=\"S\u1ea3nh game b\u00e0i OPEN88 thu h\u00fat tri\u1ec7u th\u00e0nh vi\u00ean\" width=\"800\" height=\"400\" srcset=\"https:\/\/whatifwefly.uk.com\/wp-content\/uploads\/2026\/03\/sanh-game-bai-open88-thu-hut-trieu-thanh-vien.jpg 800w, https:\/\/whatifwefly.uk.com\/wp-content\/uploads\/2026\/03\/sanh-game-bai-open88-thu-hut-trieu-thanh-vien-300x150.jpg 300w, https:\/\/whatifwefly.uk.com\/wp-content\/uploads\/2026\/03\/sanh-game-bai-open88-thu-hut-trieu-thanh-vien-768x384.jpg 768w\" sizes=\"(max-width: 800px) 100vw, 800px\" \/><figcaption id=\"caption-attachment-134\" class=\"wp-caption-text\">S\u1ea3nh game b\u00e0i OPEN88 thu h\u00fat tri\u1ec7u th\u00e0nh vi\u00ean<\/figcaption><\/figure>\n<p><b>Game b\u00e0i OPEN88<\/b><span style=\"font-weight: 400;\"> \u0111\u01b0\u1ee3c ph\u00e1t tri\u1ec3n b\u1edfi \u0111\u1ed9i ng\u0169 chuy\u00ean gia gi\u00e0u kinh nghi\u1ec7m trong l\u0129nh v\u1ef1c c\u00f4ng ngh\u1ec7 gi\u1ea3i tr\u00ed tr\u1ef1c tuy\u1ebfn qu\u1ed1c t\u1ebf. N\u1ec1n t\u1ea3ng kh\u00f4ng ng\u1eebng c\u1ea3i ti\u1ebfn giao di\u1ec7n v\u00e0 n\u00e2ng c\u1ea5p t\u00ednh n\u0103ng \u0111\u1ec3 \u0111\u00e1p \u1ee9ng nhu c\u1ea7u ng\u00e0y c\u00e0ng cao c\u1ee7a th\u00e0nh vi\u00ean.<\/span><\/p>\n<h3><span id=\"Qua_trinh_phat_trien_vuot_bac\"><b>Qu\u00e1 tr\u00ecnh ph\u00e1t tri\u1ec3n v\u01b0\u1ee3t b\u1eadc<\/b><\/span><\/h3>\n<p><span style=\"font-weight: 400;\">S\u1ea3nh <\/span><b>game b\u00e0i OPEN88<\/b><span style=\"font-weight: 400;\"> ra m\u1eaft t\u1eeb n\u0103m 2019 v\u00e0 nhanh ch\u00f3ng kh\u1eb3ng \u0111\u1ecbnh v\u1ecb th\u1ebf trong th\u1ecb tr\u01b0\u1eddng gi\u1ea3i tr\u00ed ch\u00e2u \u00c1. H\u1ec7 th\u1ed1ng li\u00ean t\u1ee5c \u0111\u01b0\u1ee3c n\u00e2ng c\u1ea5p v\u1edbi c\u00f4ng ngh\u1ec7 m\u1edbi nh\u1ea5t \u0111\u1ec3 t\u1ed1i \u01b0u tr\u1ea3i nghi\u1ec7m cho t\u1ea5t c\u1ea3 th\u00e0nh vi\u00ean tham gia.<\/span><\/p>\n<p><span style=\"font-weight: 400;\">Ngo\u00e0i ra, \u0111\u1ed9i ng\u0169 k\u1ef9 thu\u1eadt lu\u00f4n l\u1eafng nghe ph\u1ea3n h\u1ed3i t\u1eeb c\u1ed9ng \u0111\u1ed3ng \u0111\u1ec3 c\u1ea3i thi\u1ec7n s\u1ea3n ph\u1ea9m theo h\u01b0\u1edbng th\u00e2n thi\u1ec7n h\u01a1n. N\u0103m 2026 ghi nh\u1eadn h\u01a1n 5 tri\u1ec7u l\u01b0\u1ee3t truy c\u1eadp m\u1ed7i th\u00e1ng, ch\u1ee9ng minh s\u1ee9c h\u00fat \u0111\u1eb7c bi\u1ec7t c\u1ee7a n\u1ec1n t\u1ea3ng n\u00e0y.<\/span><\/p>\n<h3><span id=\"Chung_nhan_quoc_te_uy_tin\"><b>Ch\u1ee9ng nh\u1eadn qu\u1ed1c t\u1ebf uy t\u00edn<\/b><\/span><\/h3>\n<p><span style=\"font-weight: 400;\">S\u1ea3nh <\/span><b>game b\u00e0i OPEN88<\/b><span style=\"font-weight: 400;\"> \u0111\u01b0\u1ee3c c\u1ea5p ph\u00e9p ho\u1ea1t \u0111\u1ed9ng b\u1edfi t\u1ed5 ch\u1ee9c PAGCOR Philippines v\u1edbi \u0111\u1ea7y \u0111\u1ee7 gi\u1ea5y t\u1edd ph\u00e1p l\u00fd minh b\u1ea1ch. H\u1ec7 th\u1ed1ng RNG \u0111\u01b0\u1ee3c ki\u1ec3m \u0111\u1ecbnh b\u1edfi BMM Testlabs, \u0111\u1ea3m b\u1ea3o t\u1ef7 l\u1ec7 tr\u1ea3 th\u01b0\u1edfng c\u00f4ng b\u1eb1ng cho m\u1ecdi ng\u01b0\u1eddi tham gia.<\/span><\/p>\n<p><span style=\"font-weight: 400;\">B\u00ean c\u1ea1nh \u0111\u00f3, n\u1ec1n t\u1ea3ng c\u00f2n \u0111\u1ea1t ch\u1ee9ng ch\u1ec9 SSL 256-bit b\u1ea3o v\u1ec7 to\u00e0n b\u1ed9 d\u1eef li\u1ec7u c\u00e1 nh\u00e2n c\u1ee7a th\u00e0nh vi\u00ean an to\u00e0n. C\u00e1c t\u1ed5 ch\u1ee9c ki\u1ec3m to\u00e1n \u0111\u1ed9c l\u1eadp \u0111\u1ecbnh k\u1ef3 \u0111\u00e1nh gi\u00e1 v\u00e0 x\u00e1c nh\u1eadn \u0111\u1ed9 tin c\u1eady c\u1ee7a h\u1ec7 th\u1ed1ng v\u1eadn h\u00e0nh.<\/span><\/p>\n<h3><span id=\"Cam_ket_vung_chac_voi_thanh_vien\"><b>Cam k\u1ebft v\u1eefng ch\u1eafc v\u1edbi th\u00e0nh vi\u00ean<\/b><\/span><\/h3>\n<p><span style=\"font-weight: 400;\">S\u1ea3nh <\/span><b>game b\u00e0i OPEN88<\/b><span style=\"font-weight: 400;\"> cam k\u1ebft thanh to\u00e1n nhanh ch\u00f3ng trong v\u00f2ng 3 ph\u00fat cho m\u1ecdi y\u00eau c\u1ea7u r\u00fat ti\u1ec1n h\u1ee3p l\u1ec7. \u0110\u1ed9i ng\u0169 ch\u0103m s\u00f3c kh\u00e1ch h\u00e0ng tr\u1ef1c 24\/7 s\u1eb5n s\u00e0ng h\u1ed7 tr\u1ee3 c\u00e1c b\u1ea1n gi\u1ea3i quy\u1ebft m\u1ecdi th\u1eafc m\u1eafc ph\u00e1t sinh.<\/span><\/p>\n<p><span style=\"font-weight: 400;\">\u0110\u1ed3ng th\u1eddi, ch\u00ednh s\u00e1ch b\u1ea3o m\u1eadt nghi\u00eam ng\u1eb7t gi\u00fap th\u00f4ng tin c\u00e1 nh\u00e2n c\u1ee7a th\u00e0nh vi\u00ean lu\u00f4n \u0111\u01b0\u1ee3c gi\u1eef k\u00edn tuy\u1ec7t \u0111\u1ed1i kh\u00f4ng ti\u1ebft l\u1ed9. N\u1ec1n t\u1ea3ng \u0111\u1ecbnh k\u1ef3 t\u1ed5 ch\u1ee9c c\u00e1c s\u1ef1 ki\u1ec7n tri \u00e2n \u0111\u1ec3 c\u1ea3m \u01a1n s\u1ef1 \u0111\u1ed3ng h\u00e0nh v\u00e0 tin t\u01b0\u1edfng c\u1ee7a c\u1ed9ng \u0111\u1ed3ng.<\/span><\/p>\n<h2><span id=\"Uu_diem_HOT_khi_choi_game_bai_OPEN88\"><b>\u01afu \u0111i\u1ec3m HOT khi ch\u01a1i game b\u00e0i OPEN88<\/b><\/span><\/h2>\n<figure id=\"attachment_135\" aria-describedby=\"caption-attachment-135\" style=\"width: 800px\" class=\"wp-caption aligncenter\"><img decoding=\"async\" class=\"size-full wp-image-135\" src=\"http:\/\/whatifwefly.uk.com\/wp-content\/uploads\/2026\/03\/nhieu-uu-diem-hap-dan-cho-thanh-vien.jpg\" alt=\"Nhi\u1ec1u \u01b0u \u0111i\u1ec3m h\u1ea5p d\u1eabn cho th\u00e0nh vi\u00ean\" width=\"800\" height=\"400\" srcset=\"https:\/\/whatifwefly.uk.com\/wp-content\/uploads\/2026\/03\/nhieu-uu-diem-hap-dan-cho-thanh-vien.jpg 800w, https:\/\/whatifwefly.uk.com\/wp-content\/uploads\/2026\/03\/nhieu-uu-diem-hap-dan-cho-thanh-vien-300x150.jpg 300w, https:\/\/whatifwefly.uk.com\/wp-content\/uploads\/2026\/03\/nhieu-uu-diem-hap-dan-cho-thanh-vien-768x384.jpg 768w\" sizes=\"(max-width: 800px) 100vw, 800px\" \/><figcaption id=\"caption-attachment-135\" class=\"wp-caption-text\">Nhi\u1ec1u \u01b0u \u0111i\u1ec3m h\u1ea5p d\u1eabn cho th\u00e0nh vi\u00ean<\/figcaption><\/figure>\n<p><b>Game b\u00e0i OPEN88<\/b><span style=\"font-weight: 400;\"> s\u1edf h\u1eefu nhi\u1ec1u l\u1ee3i th\u1ebf c\u1ea1nh tranh v\u01b0\u1ee3t tr\u1ed9i so v\u1edbi c\u00e1c \u0111\u1ed1i th\u1ee7 kh\u00e1c tr\u00ean th\u1ecb tr\u01b0\u1eddng hi\u1ec7n t\u1ea1i. D\u01b0\u1edbi \u0111\u00e2y l\u00e0 nh\u1eefng \u0111i\u1ec3m m\u1ea1nh gi\u00fap n\u1ec1n t\u1ea3ng chinh ph\u1ee5c h\u00e0ng tri\u1ec7u tr\u00e1i tim c\u1ee7a c\u00e1c t\u00edn \u0111\u1ed3 \u0111am m\u00ea b\u00e0i.<\/span><\/p>\n<ul>\n<li style=\"font-weight: 400;\" aria-level=\"1\"><b>Kho game kh\u1ee7ng v\u1edbi h\u01a1n 50 t\u1ef1a b\u00e0i \u0111\u00ecnh \u0111\u00e1m:<\/b><span style=\"font-weight: 400;\"> Th\u00e0nh vi\u00ean \u0111\u01b0\u1ee3c tr\u1ea3i nghi\u1ec7m t\u1eeb Ti\u1ebfn L\u00ean, Ph\u1ecfm \u0111\u1ebfn Poker, Baccarat v\u1edbi \u0111\u1ed3 h\u1ecda s\u1eafc n\u00e9t. M\u1ed7i game \u0111\u1ec1u c\u00f3 lu\u1eadt ch\u01a1i r\u00f5 r\u00e0ng v\u00e0 b\u1ea3ng h\u01b0\u1edbng d\u1eabn chi ti\u1ebft d\u00e0nh cho ng\u01b0\u1eddi m\u1edbi b\u1eaft \u0111\u1ea7u.<\/span><\/li>\n<li style=\"font-weight: 400;\" aria-level=\"1\"><b>T\u1ef7 l\u1ec7 tr\u1ea3 th\u01b0\u1edfng cao l\u00ean t\u1edbi 98%:<\/b> <b>Game b\u00e0i OPEN88<\/b><span style=\"font-weight: 400;\"> \u00e1p d\u1ee5ng t\u1ef7 l\u1ec7 th\u1eafng c\u01b0\u1ee3c h\u1ea5p d\u1eabn nh\u1ea5t th\u1ecb tr\u01b0\u1eddng gi\u00fap th\u00e0nh vi\u00ean d\u1ec5 d\u00e0ng ki\u1ebfm l\u1eddi. H\u1ec7 th\u1ed1ng minh b\u1ea1ch cho ph\u00e9p m\u1ecdi ng\u01b0\u1eddi ki\u1ec3m tra l\u1ecbch s\u1eed giao d\u1ecbch v\u00e0 k\u1ebft qu\u1ea3 v\u00e1n b\u00e0i b\u1ea5t c\u1ee9 l\u00fac n\u00e0o.<\/span><\/li>\n<li style=\"font-weight: 400;\" aria-level=\"1\"><b>Giao di\u1ec7n th\u00e2n thi\u1ec7n t\u01b0\u01a1ng th\u00edch m\u1ecdi thi\u1ebft b\u1ecb:<\/b><span style=\"font-weight: 400;\"> N\u1ec1n t\u1ea3ng ho\u1ea1t \u0111\u1ed9ng m\u01b0\u1ee3t m\u00e0 tr\u00ean \u0111i\u1ec7n tho\u1ea1i iOS, Android v\u00e0 m\u00e1y t\u00ednh kh\u00f4ng c\u1ea7n c\u00e0i \u0111\u1eb7t ph\u1ea7n m\u1ec1m ph\u1ee9c t\u1ea1p. T\u1ed1c \u0111\u1ed9 load game nhanh ch\u00f3ng ch\u1ec9 trong 2 gi\u00e2y gi\u00fap c\u00e1c b\u1ea1n ti\u1ebft ki\u1ec7m th\u1eddi gian ch\u1edd \u0111\u1ee3i.<\/span><\/li>\n<li style=\"font-weight: 400;\" aria-level=\"1\"><b>Khuy\u1ebfn m\u00e3i li\u00ean t\u1ee5c d\u00e0nh cho h\u1ed9i vi\u00ean:<\/b> <b>Game b\u00e0i OPEN88<\/b><span style=\"font-weight: 400;\"> tri\u1ec3n khai th\u01b0\u1edfng n\u1ea1p \u0111\u1ea7u 100%, ho\u00e0n tr\u1ea3 h\u00e0ng ng\u00e0y v\u00e0 jackpot l\u00ean t\u1edbi 500 tri\u1ec7u \u0111\u1ed3ng. C\u00e1c ch\u01b0\u01a1ng tr\u00ecnh VIP exclusive m\u1edf ra c\u01a1 h\u1ed9i nh\u1eadn qu\u00e0 \u0111\u1ed9c quy\u1ec1n cho th\u00e0nh vi\u00ean trung th\u00e0nh.<\/span><\/li>\n<li style=\"font-weight: 400;\" aria-level=\"1\"><b>H\u1ed7 tr\u1ee3 \u0111a k\u00eanh thanh to\u00e1n ti\u1ec7n l\u1ee3i:<\/b><span style=\"font-weight: 400;\"> Th\u00e0nh vi\u00ean n\u1ea1p r\u00fat qua ng\u00e2n h\u00e0ng n\u1ed9i \u0111\u1ecba, v\u00ed \u0111i\u1ec7n t\u1eed Momo, ZaloPay ho\u1eb7c th\u1ebb c\u00e0o \u0111\u1ec1u \u0111\u01b0\u1ee3c x\u1eed l\u00fd t\u1ee9c th\u00ec. H\u1ea1n m\u1ee9c giao d\u1ecbch linh ho\u1ea1t t\u1eeb 50K \u0111\u1ebfn 500 tri\u1ec7u \u0111\u1ed3ng ph\u00f9 h\u1ee3p v\u1edbi m\u1ecdi nhu c\u1ea7u c\u1ee7a c\u00e1c b\u1ea1n.<\/span><\/li>\n<\/ul>\n<h2><span id=\"Huong_dan_tham_gia_va_nhan_thuong_hap_dan\"><b>H\u01b0\u1edbng d\u1eabn tham gia v\u00e0 nh\u1eadn th\u01b0\u1edfng h\u1ea5p d\u1eabn<\/b><\/span><\/h2>\n<figure id=\"attachment_137\" aria-describedby=\"caption-attachment-137\" style=\"width: 800px\" class=\"wp-caption aligncenter\"><img decoding=\"async\" class=\"size-full wp-image-137\" src=\"http:\/\/whatifwefly.uk.com\/wp-content\/uploads\/2026\/03\/cac-buoc-tham-gia-don-gian-nhanh-chong.jpg\" alt=\"C\u00e1c b\u01b0\u1edbc tham gia \u0111\u01a1n gi\u1ea3n nhanh ch\u00f3ng\" width=\"800\" height=\"400\" srcset=\"https:\/\/whatifwefly.uk.com\/wp-content\/uploads\/2026\/03\/cac-buoc-tham-gia-don-gian-nhanh-chong.jpg 800w, https:\/\/whatifwefly.uk.com\/wp-content\/uploads\/2026\/03\/cac-buoc-tham-gia-don-gian-nhanh-chong-300x150.jpg 300w, https:\/\/whatifwefly.uk.com\/wp-content\/uploads\/2026\/03\/cac-buoc-tham-gia-don-gian-nhanh-chong-768x384.jpg 768w\" sizes=\"(max-width: 800px) 100vw, 800px\" \/><figcaption id=\"caption-attachment-137\" class=\"wp-caption-text\">C\u00e1c b\u01b0\u1edbc tham gia \u0111\u01a1n gi\u1ea3n nhanh ch\u00f3ng<\/figcaption><\/figure>\n<p><span style=\"font-weight: 400;\">\u0110\u1ec3 tr\u1ea3i nghi\u1ec7m <\/span><b>game b\u00e0i OPEN88<\/b><span style=\"font-weight: 400;\">, c\u00e1c b\u1ea1n ch\u1ec9 c\u1ea7n th\u1ef1c hi\u1ec7n v\u00e0i b\u01b0\u1edbc \u0111\u01a1n gi\u1ea3n trong v\u00f2ng 2 ph\u00fat. Quy tr\u00ecnh \u0111\u0103ng k\u00fd \u0111\u01b0\u1ee3c thi\u1ebft k\u1ebf t\u1ed1i gi\u1ea3n gi\u00fap th\u00e0nh vi\u00ean m\u1edbi d\u1ec5 d\u00e0ng ti\u1ebfp c\u1eadn v\u00e0 b\u1eaft \u0111\u1ea7u ch\u01a1i ngay l\u1eadp t\u1ee9c.<\/span><\/p>\n<h3><span id=\"Dang_ky_tai_khoan_sieu_toc\"><b>\u0110\u0103ng k\u00fd t\u00e0i kho\u1ea3n si\u00eau t\u1ed1c<\/b><\/span><\/h3>\n<p><span style=\"font-weight: 400;\">Th\u00e0nh vi\u00ean truy c\u1eadp trang ch\u1ee7 ch\u00ednh th\u1ee9c v\u00e0 nh\u1ea5n n\u00fat \u0111\u0103ng k\u00fd n\u1eb1m g\u00f3c ph\u1ea3i m\u00e0n h\u00ecnh \u0111\u1ec3 b\u1eaft \u0111\u1ea7u quy tr\u00ecnh. \u0110i\u1ec1n \u0111\u1ea7y \u0111\u1ee7 th\u00f4ng tin c\u00e1 nh\u00e2n bao g\u1ed3m t\u00ean \u0111\u0103ng nh\u1eadp, m\u1eadt kh\u1ea9u v\u00e0 s\u1ed1 \u0111i\u1ec7n tho\u1ea1i li\u00ean h\u1ec7 theo y\u00eau c\u1ea7u.<\/span><\/p>\n<p><span style=\"font-weight: 400;\">\u0110\u1eb7c bi\u1ec7t, h\u1ec7 th\u1ed1ng g\u1eedi m\u00e3 OTP x\u00e1c th\u1ef1c qua tin nh\u1eafn SMS trong v\u00f2ng 30 gi\u00e2y \u0111\u1ec3 ho\u00e0n t\u1ea5t vi\u1ec7c k\u00edch ho\u1ea1t t\u00e0i kho\u1ea3n. Sau khi x\u00e1c nh\u1eadn th\u00e0nh c\u00f4ng, c\u00e1c b\u1ea1n c\u00f3 th\u1ec3 \u0111\u0103ng nh\u1eadp v\u00e0 kh\u00e1m ph\u00e1 to\u00e0n b\u1ed9 kho game h\u1ea5p d\u1eabn.<\/span><\/p>\n<h3><span id=\"Nap_tien_lan_dau_sieu_nhanh\"><b>N\u1ea1p ti\u1ec1n l\u1ea7n \u0111\u1ea7u si\u00eau nhanh<\/b><\/span><\/h3>\n<p><span style=\"font-weight: 400;\">Th\u00e0nh vi\u00ean ch\u1ecdn ph\u01b0\u01a1ng th\u1ee9c thanh to\u00e1n ph\u00f9 h\u1ee3p t\u1eeb danh s\u00e1ch ng\u00e2n h\u00e0ng ho\u1eb7c v\u00ed \u0111i\u1ec7n t\u1eed \u0111\u01b0\u1ee3c h\u1ed7 tr\u1ee3 tr\u00ean n\u1ec1n t\u1ea3ng. Nh\u1eadp s\u1ed1 ti\u1ec1n mu\u1ed1n n\u1ea1p t\u1ed1i thi\u1ec3u 50K v\u00e0 l\u00e0m theo h\u01b0\u1edbng d\u1eabn chuy\u1ec3n kho\u1ea3n hi\u1ec3n th\u1ecb tr\u00ean m\u00e0n h\u00ecnh.<\/span><\/p>\n<p><span style=\"font-weight: 400;\">Ngo\u00e0i ra, ti\u1ec1n s\u1ebd \u0111\u01b0\u1ee3c c\u1ed9ng v\u00e0o t\u00e0i kho\u1ea3n ch\u1ec9 trong v\u00f2ng 1-3 ph\u00fat sau khi giao d\u1ecbch ho\u00e0n t\u1ea5t th\u00e0nh c\u00f4ng. Th\u00e0nh vi\u00ean m\u1edbi c\u00f2n nh\u1eadn ngay 100% th\u01b0\u1edfng ch\u00e0o m\u1eebng l\u00ean t\u1edbi 5 tri\u1ec7u \u0111\u1ed3ng cho l\u1ea7n n\u1ea1p \u0111\u1ea7u ti\u00ean.<\/span><\/p>\n<h3><span id=\"Nhan_thuong_va_rut_tien_de_dang\"><b>Nh\u1eadn th\u01b0\u1edfng v\u00e0 r\u00fat ti\u1ec1n d\u1ec5 d\u00e0ng<\/b><\/span><\/h3>\n<p><span style=\"font-weight: 400;\">Sau khi th\u1eafng c\u01b0\u1ee3c, c\u00e1c b\u1ea1n v\u00e0o m\u1ee5c r\u00fat ti\u1ec1n v\u00e0 ch\u1ecdn k\u00eanh thanh to\u00e1n mong mu\u1ed1n \u0111\u1ec3 nh\u1eadn ti\u1ec1n v\u1ec1 t\u00e0i kho\u1ea3n c\u00e1 nh\u00e2n. H\u1ec7 th\u1ed1ng x\u1eed l\u00fd y\u00eau c\u1ea7u r\u00fat trong 3 ph\u00fat v\u00e0 chuy\u1ec3n kho\u1ea3n t\u1ef1 \u0111\u1ed9ng kh\u00f4ng c\u1ea7n ch\u1edd duy\u1ec7t th\u1ee7 c\u00f4ng.<\/span><\/p>\n<p><span style=\"font-weight: 400;\">B\u00ean c\u1ea1nh \u0111\u00f3, th\u00e0nh vi\u00ean VIP \u0111\u01b0\u1ee3c \u01b0u ti\u00ean x\u1eed l\u00fd nhanh h\u01a1n v\u1edbi h\u1ea1n m\u1ee9c r\u00fat l\u00ean t\u1edbi 500 tri\u1ec7u \u0111\u1ed3ng m\u1ed7i ng\u00e0y kh\u00f4ng gi\u1edbi h\u1ea1n. M\u1ecdi giao d\u1ecbch \u0111\u1ec1u \u0111\u01b0\u1ee3c m\u00e3 h\u00f3a v\u00e0 b\u1ea3o m\u1eadt tuy\u1ec7t \u0111\u1ed1i \u0111\u1ec3 \u0111\u1ea3m b\u1ea3o an to\u00e0n t\u00e0i ch\u00ednh cho c\u00e1c b\u1ea1n.<\/span><\/p>\n<h2><span id=\"Loi_ket\"><b>L\u1eddi k\u1ebft<\/b><\/span><\/h2>\n<p><a href=\"https:\/\/whatifwefly.uk.com\/index.php\/game-bai-open88\/\"><b>Game b\u00e0i OPEN88<\/b><\/a><span style=\"font-weight: 400;\"> x\u1ee9ng \u0111\u00e1ng l\u00e0 \u0111i\u1ec3m \u0111\u1ebfn l\u00fd t\u01b0\u1edfng cho nh\u1eefng ai \u0111am m\u00ea gi\u1ea3i tr\u00ed b\u00e0i b\u1ea1c tr\u1ef1c tuy\u1ebfn ch\u1ea5t l\u01b0\u1ee3ng cao. S\u1ea3nh ch\u01a1i k\u1ebft h\u1ee3p ho\u00e0n h\u1ea3o gi\u1eefa c\u00f4ng ngh\u1ec7 hi\u1ec7n \u0111\u1ea1i, d\u1ecbch v\u1ee5 chuy\u00ean nghi\u1ec7p v\u00e0 ch\u00ednh s\u00e1ch th\u01b0\u1edfng h\u1ea5p d\u1eabn d\u00e0nh cho th\u00e0nh vi\u00ean. H\u00e3y \u0111\u0103ng k\u00fd ngay h\u00f4m nay t\u1ea1i <\/span><b>OPEN88<\/b><span style=\"font-weight: 400;\"> \u0111\u1ec3 kh\u00e1m ph\u00e1 th\u1ebf gi\u1edbi game b\u00e0i \u0111\u1ec9nh c\u00f9ng c\u1ed9ng \u0111\u1ed3ng tri\u1ec7u ng\u01b0\u1eddi.<\/span><\/p>\n","protected":false},"excerpt":{"rendered":"<p>Contents1 Game B\u00e0i OPEN88 &#8211; Kh\u00e1m Ph\u00e1 Nhi\u1ec1u Game \u0110\u1eb3ng C\u1ea5p1.1 Gi\u1edbi thi\u1ec7u s\u1ea3nh game b\u00e0i OPEN88 uy t\u00edn h\u00e0ng \u0111\u1ea7u1.1.1 Qu\u00e1 tr\u00ecnh ph\u00e1t tri\u1ec3n v\u01b0\u1ee3t b\u1eadc1.1.2 Ch\u1ee9ng nh\u1eadn qu\u1ed1c t\u1ebf uy t\u00edn1.1.3 Cam k\u1ebft v\u1eefng ch\u1eafc v\u1edbi th\u00e0nh vi\u00ean1.2 \u01afu \u0111i\u1ec3m HOT khi ch\u01a1i game b\u00e0i OPEN881.3 H\u01b0\u1edbng d\u1eabn tham gia v\u00e0 nh\u1eadn th\u01b0\u1edfng [&#8230;]\n","protected":false},"author":1,"featured_media":136,"parent":0,"menu_order":0,"comment_status":"closed","ping_status":"closed","template":"","meta":{"footnotes":""},"class_list":["post-34","page","type-page","status-publish","has-post-thumbnail","hentry"],"_links":{"self":[{"href":"https:\/\/whatifwefly.uk.com\/index.php\/wp-json\/wp\/v2\/pages\/34","targetHints":{"allow":["GET"]}}],"collection":[{"href":"https:\/\/whatifwefly.uk.com\/index.php\/wp-json\/wp\/v2\/pages"}],"about":[{"href":"https:\/\/whatifwefly.uk.com\/index.php\/wp-json\/wp\/v2\/types\/page"}],"author":[{"embeddable":true,"href":"https:\/\/whatifwefly.uk.com\/index.php\/wp-json\/wp\/v2\/users\/1"}],"replies":[{"embeddable":true,"href":"https:\/\/whatifwefly.uk.com\/index.php\/wp-json\/wp\/v2\/comments?post=34"}],"version-history":[{"count":3,"href":"https:\/\/whatifwefly.uk.com\/index.php\/wp-json\/wp\/v2\/pages\/34\/revisions"}],"predecessor-version":[{"id":138,"href":"https:\/\/whatifwefly.uk.com\/index.php\/wp-json\/wp\/v2\/pages\/34\/revisions\/138"}],"wp:featuredmedia":[{"embeddable":true,"href":"https:\/\/whatifwefly.uk.com\/index.php\/wp-json\/wp\/v2\/media\/136"}],"wp:attachment":[{"href":"https:\/\/whatifwefly.uk.com\/index.php\/wp-json\/wp\/v2\/media?parent=34"}],"curies":[{"name":"wp","href":"https:\/\/api.w.org\/{rel}","templated":true}]}}