{"id":36,"date":"2026-03-10T06:38:26","date_gmt":"2026-03-10T06:38:26","guid":{"rendered":"https:\/\/whatifwefly.uk.com\/?page_id=36"},"modified":"2026-03-15T06:26:17","modified_gmt":"2026-03-15T06:26:17","slug":"no-hu-open88","status":"publish","type":"page","link":"https:\/\/whatifwefly.uk.com\/index.php\/no-hu-open88\/","title":{"rendered":"N\u1ed5 h\u0169"},"content":{"rendered":"<div id=\"toc_container\" class=\"no_bullets\"><p class=\"toc_title\">Contents<\/p><ul class=\"toc_list\"><li><a href=\"#No_Hu_OPEN88_8211_Kham_Pha_No_Hu_Hay_Uu_Dai_Cuc_Soc\"><span class=\"toc_number toc_depth_1\">1<\/span> N\u1ed5 H\u0169 OPEN88 &#8211; Kh\u00e1m Ph\u00e1 N\u1ed5 H\u0169 Hay, \u01afu \u0110\u00e3i C\u1ef1c S\u1ed1c<\/a><ul><li><a href=\"#Gioi_thieu_sanh_no_hu_OPEN88_uy_tin_hang_dau\"><span class=\"toc_number toc_depth_2\">1.1<\/span> Gi\u1edbi thi\u1ec7u s\u1ea3nh n\u1ed5 h\u0169 OPEN88 uy t\u00edn h\u00e0ng \u0111\u1ea7u<\/a><ul><li><a href=\"#Lich_su_phat_trien_an_tuong\"><span class=\"toc_number toc_depth_3\">1.1.1<\/span> L\u1ecbch s\u1eed ph\u00e1t tri\u1ec3n \u1ea5n t\u01b0\u1ee3ng<\/a><\/li><li><a href=\"#Giay_phep_va_chung_nhan_quoc_te\"><span class=\"toc_number toc_depth_3\">1.1.2<\/span> Gi\u1ea5y ph\u00e9p v\u00e0 ch\u1ee9ng nh\u1eadn qu\u1ed1c t\u1ebf<\/a><\/li><li><a href=\"#So_luot_truy_cap_khung\"><span class=\"toc_number toc_depth_3\">1.1.3<\/span> S\u1ed1 l\u01b0\u1ee3t truy c\u1eadp kh\u1ee7ng<\/a><\/li><\/ul><\/li><li><a href=\"#Top_game_no_hu_OPEN88_hot_nhat_2026\"><span class=\"toc_number toc_depth_2\">1.2<\/span> Top game n\u1ed5 h\u0169 OPEN88 hot nh\u1ea5t 2026<\/a><\/li><li><a href=\"#Chuong_trinh_uu_dai_hap_dan_cho_thanh_vien_moi\"><span class=\"toc_number toc_depth_2\">1.3<\/span> Ch\u01b0\u01a1ng tr\u00ecnh \u01b0u \u0111\u00e3i h\u1ea5p d\u1eabn cho th\u00e0nh vi\u00ean m\u1edbi<\/a><ul><li><a href=\"#Thuong_chao_mung_lan_dau_tham_gia\"><span class=\"toc_number toc_depth_3\">1.3.1<\/span> Th\u01b0\u1edfng ch\u00e0o m\u1eebng l\u1ea7n \u0111\u1ea7u tham gia<\/a><\/li><li><a href=\"#Vong_quay_mien_phi_hang_ngay\"><span class=\"toc_number toc_depth_3\">1.3.2<\/span> V\u00f2ng quay mi\u1ec5n ph\u00ed h\u00e0ng ng\u00e0y<\/a><\/li><li><a href=\"#Hoan_tra_thua_khong_gioi_han\"><span class=\"toc_number toc_depth_3\">1.3.3<\/span> Ho\u00e0n tr\u1ea3 thua kh\u00f4ng gi\u1edbi h\u1ea1n<\/a><\/li><\/ul><\/li><li><a href=\"#Loi_Ket\"><span class=\"toc_number toc_depth_2\">1.4<\/span> L\u1eddi K\u1ebft<\/a><\/li><\/ul><\/li><\/ul><\/div>\n<h1 style=\"text-align: center;\"><span id=\"No_Hu_OPEN88_8211_Kham_Pha_No_Hu_Hay_Uu_Dai_Cuc_Soc\"><b>N\u1ed5 H\u0169 OPEN88 &#8211; Kh\u00e1m Ph\u00e1 N\u1ed5 H\u0169 Hay, \u01afu \u0110\u00e3i C\u1ef1c S\u1ed1c<\/b><\/span><\/h1>\n<p><b>N\u1ed5 h\u0169 OPEN88<\/b><span style=\"font-weight: 400;\"> \u0111ang tr\u1edf th\u00e0nh s\u00e2n ch\u01a1i \u0111\u01b0\u1ee3c h\u00e0ng tri\u1ec7u th\u00e0nh vi\u00ean s\u0103n \u0111\u00f3n b\u1edfi t\u1ef7 l\u1ec7 tr\u1ea3 th\u01b0\u1edfng c\u1ef1c k\u1ef3 h\u1ea5p d\u1eabn. B\u1ea1n c\u00f3 th\u1ec3 quay h\u0169 m\u1ecdi l\u00fac v\u1edbi h\u00e0ng tr\u0103m t\u1ef1a game \u0111a d\u1ea1ng t\u1eeb c\u00e1c nh\u00e0 ph\u00e1t h\u00e0nh \u0111\u00ecnh \u0111\u00e1m tr\u00ean th\u1ebf gi\u1edbi hi\u1ec7n nay. S\u1ea3nh c\u01b0\u1ee3c t\u00edch h\u1ee3p c\u00f4ng ngh\u1ec7 ti\u00ean ti\u1ebfn c\u00f9ng giao di\u1ec7n th\u00e2n thi\u1ec7n, <\/span><a href=\"https:\/\/whatifwefly.uk.com\/\"><b>OPEN88<\/b><\/a><span style=\"font-weight: 400;\"> ch\u1eafc ch\u1eafn l\u00e0 \u0111i\u1ec3m \u0111\u1ebfn l\u00fd t\u01b0\u1edfng cho m\u1ecdi ng\u01b0\u1eddi.<\/span><\/p>\n<h2><span id=\"Gioi_thieu_sanh_no_hu_OPEN88_uy_tin_hang_dau\"><b>Gi\u1edbi thi\u1ec7u s\u1ea3nh n\u1ed5 h\u0169 OPEN88 uy t\u00edn h\u00e0ng \u0111\u1ea7u<\/b><\/span><\/h2>\n<figure id=\"attachment_118\" aria-describedby=\"caption-attachment-118\" style=\"width: 800px\" class=\"wp-caption aligncenter\"><img decoding=\"async\" class=\"size-full wp-image-118\" src=\"http:\/\/whatifwefly.uk.com\/wp-content\/uploads\/2026\/03\/sanh-no-hu-open88-voi-giao-dien-hien-dai.jpg\" alt=\"S\u1ea3nh n\u1ed5 h\u0169 OPEN88 v\u1edbi giao di\u1ec7n hi\u1ec7n \u0111\u1ea1i\" width=\"800\" height=\"400\" srcset=\"https:\/\/whatifwefly.uk.com\/wp-content\/uploads\/2026\/03\/sanh-no-hu-open88-voi-giao-dien-hien-dai.jpg 800w, https:\/\/whatifwefly.uk.com\/wp-content\/uploads\/2026\/03\/sanh-no-hu-open88-voi-giao-dien-hien-dai-300x150.jpg 300w, https:\/\/whatifwefly.uk.com\/wp-content\/uploads\/2026\/03\/sanh-no-hu-open88-voi-giao-dien-hien-dai-768x384.jpg 768w\" sizes=\"(max-width: 800px) 100vw, 800px\" \/><figcaption id=\"caption-attachment-118\" class=\"wp-caption-text\">S\u1ea3nh n\u1ed5 h\u0169 OPEN88 v\u1edbi giao di\u1ec7n hi\u1ec7n \u0111\u1ea1i<\/figcaption><\/figure>\n<p><b>N\u1ed5 h\u0169 OPEN88<\/b><span style=\"font-weight: 400;\"> \u0111\u01b0\u1ee3c x\u00e2y d\u1ef1ng t\u1eeb n\u0103m 2019 v\u00e0 nhanh ch\u00f3ng kh\u1eb3ng \u0111\u1ecbnh v\u1ecb th\u1ebf tr\u00ean th\u1ecb tr\u01b0\u1eddng gi\u1ea3i tr\u00ed tr\u1ef1c tuy\u1ebfn ch\u00e2u \u00c1. S\u1ea3nh c\u01b0\u1ee3c hi\u1ec7n s\u1edf h\u1eefu gi\u1ea5y ph\u00e9p ho\u1ea1t \u0111\u1ed9ng t\u1eeb PAGCOR Philippines c\u00f9ng ch\u1ee9ng nh\u1eadn b\u1ea3o m\u1eadt SSL 256-bit \u0111\u1ea1t chu\u1ea9n qu\u1ed1c t\u1ebf.<\/span><\/p>\n<h3><span id=\"Lich_su_phat_trien_an_tuong\"><b>L\u1ecbch s\u1eed ph\u00e1t tri\u1ec3n \u1ea5n t\u01b0\u1ee3ng<\/b><\/span><\/h3>\n<p><span style=\"font-weight: 400;\">S\u1ea3nh <\/span><b>n\u1ed5 h\u0169 OPEN88<\/b><span style=\"font-weight: 400;\"> kh\u1edfi \u0111\u1ea7u v\u1edbi ch\u1ec9 50 t\u1ef1a game nh\u01b0ng \u0111\u00e3 m\u1edf r\u1ed9ng l\u00ean h\u01a1n 500 slot \u0111a d\u1ea1ng trong n\u0103m 2026. \u0110\u1ed9i ng\u0169 ph\u00e1t tri\u1ec3n li\u00ean t\u1ee5c c\u1eadp nh\u1eadt c\u00e1c t\u00ednh n\u0103ng m\u1edbi \u0111\u1ec3 n\u00e2ng cao tr\u1ea3i nghi\u1ec7m cho th\u00e0nh vi\u00ean tham gia h\u00e0ng ng\u00e0y. Ngo\u00e0i ra, h\u1ec7 th\u1ed1ng m\u00e1y ch\u1ee7 \u0111\u01b0\u1ee3c \u0111\u1eb7t t\u1ea1i Singapore gi\u00fap t\u1ed1c \u0111\u1ed9 t\u1ea3i game nhanh ch\u00f3ng v\u00e0 \u1ed5n \u0111\u1ecbnh su\u1ed1t 24 gi\u1edd.<\/span><\/p>\n<p><span style=\"font-weight: 400;\">Giao di\u1ec7n \u0111\u01b0\u1ee3c thi\u1ebft k\u1ebf theo phong c\u00e1ch hi\u1ec7n \u0111\u1ea1i v\u1edbi b\u1ea3ng m\u00e0u b\u1eaft m\u1eaft thu h\u00fat m\u1ecdi ng\u01b0\u1eddi ngay t\u1eeb l\u1ea7n \u0111\u1ea7u truy c\u1eadp. C\u00e1c danh m\u1ee5c game \u0111\u01b0\u1ee3c s\u1eafp x\u1ebfp khoa h\u1ecdc gi\u00fap vi\u1ec7c t\u00ecm ki\u1ebfm tr\u1edf n\u00ean \u0111\u01a1n gi\u1ea3n v\u00e0 ti\u1ebft ki\u1ec7m th\u1eddi gian \u0111\u00e1ng k\u1ec3. \u0110\u1ed3ng th\u1eddi, phi\u00ean b\u1ea3n mobile \u0111\u01b0\u1ee3c t\u1ed1i \u01b0u ho\u00e0n h\u1ea3o cho c\u1ea3 h\u1ec7 \u0111i\u1ec1u h\u00e0nh iOS l\u1eabn Android ph\u1ed5 bi\u1ebfn hi\u1ec7n nay.<\/span><\/p>\n<h3><span id=\"Giay_phep_va_chung_nhan_quoc_te\"><b>Gi\u1ea5y ph\u00e9p v\u00e0 ch\u1ee9ng nh\u1eadn qu\u1ed1c t\u1ebf<\/b><\/span><\/h3>\n<p><span style=\"font-weight: 400;\">S\u1ea3nh c\u01b0\u1ee3c <\/span><b>n\u1ed5 h\u0169 OPEN88<\/b><span style=\"font-weight: 400;\"> ho\u1ea1t \u0111\u1ed9ng h\u1ee3p ph\u00e1p v\u1edbi gi\u1ea5y ph\u00e9p PAGCOR \u0111\u01b0\u1ee3c c\u1ea5p b\u1edfi ch\u00ednh ph\u1ee7 Philippines t\u1eeb n\u0103m 2020. H\u1ec7 th\u1ed1ng RNG \u0111\u1ea3m b\u1ea3o k\u1ebft qu\u1ea3 quay ho\u00e0n to\u00e0n ng\u1eabu nhi\u00ean v\u00e0 c\u00f4ng b\u1eb1ng cho t\u1ea5t c\u1ea3 c\u00e1c th\u00e0nh vi\u00ean tham gia c\u01b0\u1ee3c. B\u00ean c\u1ea1nh \u0111\u00f3, ch\u1ee9ng nh\u1eadn eCOGRA x\u00e1c nh\u1eadn t\u1ef7 l\u1ec7 RTP trung b\u00ecnh \u0111\u1ea1t 96.5% cao h\u01a1n m\u1eb7t b\u1eb1ng chung th\u1ecb tr\u01b0\u1eddng.<\/span><\/p>\n<p><span style=\"font-weight: 400;\">M\u1ecdi giao d\u1ecbch t\u00e0i ch\u00ednh \u0111\u01b0\u1ee3c b\u1ea3o v\u1ec7 b\u1edfi c\u00f4ng ngh\u1ec7 m\u00e3 h\u00f3a ti\u00ean ti\u1ebfn nh\u1ea5t hi\u1ec7n nay tr\u00ean to\u00e0n c\u1ea7u. Th\u00f4ng tin c\u00e1 nh\u00e2n c\u1ee7a c\u00e1c b\u1ea1n \u0111\u01b0\u1ee3c l\u01b0u tr\u1eef tr\u00ean h\u1ec7 th\u1ed1ng m\u00e1y ch\u1ee7 ri\u00eang bi\u1ec7t c\u00f3 t\u01b0\u1eddng l\u1eeda b\u1ea3o v\u1ec7 \u0111a l\u1edbp. \u0110\u1eb7c bi\u1ec7t, \u0111\u1ed9i ng\u0169 b\u1ea3o m\u1eadt ho\u1ea1t \u0111\u1ed9ng 24\/7 \u0111\u1ec3 gi\u00e1m s\u00e1t v\u00e0 ng\u0103n ch\u1eb7n m\u1ecdi h\u00e0nh vi x\u00e2m nh\u1eadp tr\u00e1i ph\u00e9p.<\/span><\/p>\n<h3><span id=\"So_luot_truy_cap_khung\"><b>S\u1ed1 l\u01b0\u1ee3t truy c\u1eadp kh\u1ee7ng<\/b><\/span><\/h3>\n<p><span style=\"font-weight: 400;\">Th\u1ed1ng k\u00ea n\u0103m 2026 cho th\u1ea5y s\u1ea3nh <\/span><b>n\u1ed5 h\u0169 OPEN88<\/b><span style=\"font-weight: 400;\"> ghi nh\u1eadn trung b\u00ecnh 2 tri\u1ec7u l\u01b0\u1ee3t truy c\u1eadp m\u1ed7i ng\u00e0y t\u1eeb kh\u1eafp ch\u00e2u \u00c1. Con s\u1ed1 \u1ea5n t\u01b0\u1ee3ng n\u00e0y minh ch\u1ee9ng cho s\u1ee9c h\u00fat v\u00e0 \u0111\u1ed9 tin c\u1eady m\u00e0 n\u1ec1n t\u1ea3ng \u0111\u00e3 x\u00e2y d\u1ef1ng su\u1ed1t nhi\u1ec1u n\u0103m qua. Ngo\u00e0i ra, t\u1ef7 l\u1ec7 th\u00e0nh vi\u00ean quay l\u1ea1i \u0111\u1ea1t 85% cho th\u1ea5y s\u1ef1 h\u00e0i l\u00f2ng cao t\u1eeb c\u1ed9ng \u0111\u1ed3ng tham gia.<\/span><\/p>\n<p><span style=\"font-weight: 400;\">V\u00e0o c\u00e1c khung gi\u1edd cao \u0111i\u1ec3m bu\u1ed5i t\u1ed1i, h\u1ec7 th\u1ed1ng ghi nh\u1eadn h\u01a1n 150,000 th\u00e0nh vi\u00ean online c\u00f9ng l\u00fac quay th\u01b0\u1edfng s\u00f4i \u0111\u1ed9ng. M\u00e1y ch\u1ee7 \u0111\u01b0\u1ee3c n\u00e2ng c\u1ea5p li\u00ean t\u1ee5c \u0111\u1ec3 \u0111\u00e1p \u1ee9ng l\u01b0\u1ee3ng truy c\u1eadp t\u0103ng tr\u01b0\u1edfng 30% m\u1ed7i n\u0103m m\u1ed9t c\u00e1ch \u1ed5n \u0111\u1ecbnh. \u0110\u1ed3ng th\u1eddi, t\u1ed1c \u0111\u1ed9 x\u1eed l\u00fd giao d\u1ecbch ch\u1ec9 m\u1ea5t d\u01b0\u1edbi 3 gi\u00e2y gi\u00fap c\u00e1c b\u1ea1n kh\u00f4ng ph\u1ea3i ch\u1edd \u0111\u1ee3i l\u00e2u.<\/span><\/p>\n<h2><span id=\"Top_game_no_hu_OPEN88_hot_nhat_2026\"><b>Top game n\u1ed5 h\u0169 OPEN88 hot nh\u1ea5t 2026<\/b><\/span><\/h2>\n<figure id=\"attachment_120\" aria-describedby=\"caption-attachment-120\" style=\"width: 800px\" class=\"wp-caption aligncenter\"><img decoding=\"async\" class=\"size-full wp-image-120\" src=\"http:\/\/whatifwefly.uk.com\/wp-content\/uploads\/2026\/03\/bo-suu-tap-game-slot-da-dang-va-hap-dan.jpg\" alt=\"B\u1ed9 s\u01b0u t\u1eadp game slot \u0111a d\u1ea1ng v\u00e0 h\u1ea5p d\u1eabn\" width=\"800\" height=\"400\" srcset=\"https:\/\/whatifwefly.uk.com\/wp-content\/uploads\/2026\/03\/bo-suu-tap-game-slot-da-dang-va-hap-dan.jpg 800w, https:\/\/whatifwefly.uk.com\/wp-content\/uploads\/2026\/03\/bo-suu-tap-game-slot-da-dang-va-hap-dan-300x150.jpg 300w, https:\/\/whatifwefly.uk.com\/wp-content\/uploads\/2026\/03\/bo-suu-tap-game-slot-da-dang-va-hap-dan-768x384.jpg 768w\" sizes=\"(max-width: 800px) 100vw, 800px\" \/><figcaption id=\"caption-attachment-120\" class=\"wp-caption-text\">B\u1ed9 s\u01b0u t\u1eadp game slot \u0111a d\u1ea1ng v\u00e0 h\u1ea5p d\u1eabn<\/figcaption><\/figure>\n<p><b>N\u1ed5 h\u0169 OPEN88<\/b><span style=\"font-weight: 400;\"> quy t\u1ee5 nh\u1eefng t\u1ef1a game \u0111\u01b0\u1ee3c y\u00eau th\u00edch nh\u1ea5t t\u1eeb c\u00e1c nh\u00e0 ph\u00e1t h\u00e0nh h\u00e0ng \u0111\u1ea7u th\u1ebf gi\u1edbi hi\u1ec7n nay. M\u1ed7i game \u0111\u1ec1u c\u00f3 \u0111\u1ed3 h\u1ecda s\u1eafc n\u00e9t c\u00f9ng hi\u1ec7u \u1ee9ng \u00e2m thanh s\u1ed1ng \u0111\u1ed9ng t\u1ea1o c\u1ea3m gi\u00e1c h\u1ee9ng kh\u1edfi cho m\u1ecdi ng\u01b0\u1eddi.<\/span><\/p>\n<ul>\n<li style=\"font-weight: 400;\" aria-level=\"1\"><b>N\u1ed5 h\u0169 Th\u1ea7n T\u00e0i<\/b><span style=\"font-weight: 400;\"> l\u00e0 t\u1ef1a game mang phong c\u00e1ch \u00c1 \u0110\u00f4ng v\u1edbi jackpot l\u00ean \u0111\u1ebfn 500 tri\u1ec7u \u0111\u1ed3ng c\u1ef1c k\u1ef3 h\u1ea5p d\u1eabn. T\u1ef7 l\u1ec7 RTP \u0111\u1ea1t 97% gi\u00fap c\u00e1c b\u1ea1n c\u00f3 c\u01a1 h\u1ed9i th\u1eafng cao h\u01a1n so v\u1edbi c\u00e1c slot th\u00f4ng th\u01b0\u1eddng kh\u00e1c.<\/span><\/li>\n<li style=\"font-weight: 400;\" aria-level=\"1\"><span style=\"font-weight: 400;\">Game <\/span><b>n\u1ed5 h\u0169 OPEN88<\/b><span style=\"font-weight: 400;\"> \u0110\u01b0\u1eddng M\u1ea1t Ch\u01b0\u1ee3c k\u1ebft h\u1ee3p y\u1ebfu t\u1ed1 c\u1edd b\u1ea1c truy\u1ec1n th\u1ed1ng v\u1edbi c\u00f4ng ngh\u1ec7 slot hi\u1ec7n \u0111\u1ea1i \u0111\u1ed9c \u0111\u00e1o. Ch\u1ebf \u0111\u1ed9 free spin c\u00f3 th\u1ec3 k\u00edch ho\u1ea1t li\u00ean t\u1ee5c gi\u00fap th\u00e0nh vi\u00ean nh\u00e2n \u0111\u00f4i ph\u1ea7n th\u01b0\u1edfng d\u1ec5 d\u00e0ng v\u00e0 nhanh ch\u00f3ng.<\/span><\/li>\n<li style=\"font-weight: 400;\" aria-level=\"1\"><b>N\u1ed5 h\u0169 R\u1ed3ng V\u00e0ng<\/b><span style=\"font-weight: 400;\"> s\u1edf h\u1eefu 5 cu\u1ed9n quay v\u1edbi 243 \u0111\u01b0\u1eddng th\u1eafng \u0111a d\u1ea1ng mang l\u1ea1i tr\u1ea3i nghi\u1ec7m th\u00fa v\u1ecb. T\u00ednh n\u0103ng Wild m\u1edf r\u1ed9ng c\u00f3 th\u1ec3 chi\u1ebfm tr\u1ecdn cu\u1ed9n quay t\u1ea1o ra nh\u1eefng combo th\u1eafng l\u1edbn b\u1ea5t ng\u1edd.<\/span><\/li>\n<li style=\"font-weight: 400;\" aria-level=\"1\"><span style=\"font-weight: 400;\">T\u1ef1a game <\/span><b>n\u1ed5 h\u0169 OPEN88<\/b><span style=\"font-weight: 400;\"> Zeus l\u1ea5y c\u1ea3m h\u1ee9ng t\u1eeb th\u1ea7n tho\u1ea1i Hy L\u1ea1p v\u1edbi \u0111\u1ed3 h\u1ecda 3D c\u1ef1c k\u1ef3 m\u00e3n nh\u00e3n. Jackpot progressive t\u00edch l\u0169y li\u00ean t\u1ee5c v\u00e0 \u0111\u00e3 t\u1eebng tr\u1ea3 th\u01b0\u1edfng k\u1ef7 l\u1ee5c 2 t\u1ef7 \u0111\u1ed3ng cho m\u1ed9t th\u00e0nh vi\u00ean may m\u1eafn.<\/span><\/li>\n<li style=\"font-weight: 400;\" aria-level=\"1\"><b>N\u1ed5 h\u0169 777<\/b><span style=\"font-weight: 400;\"> phong c\u00e1ch c\u1ed5 \u0111i\u1ec3n Las Vegas ph\u00f9 h\u1ee3p v\u1edbi nh\u1eefng ai y\u00eau th\u00edch s\u1ef1 \u0111\u01a1n gi\u1ea3n v\u00e0 ho\u00e0i ni\u1ec7m. C\u00e1ch ch\u01a1i d\u1ec5 hi\u1ec3u ch\u1ec9 c\u1ea7n 3 bi\u1ec3u t\u01b0\u1ee3ng gi\u1ed1ng nhau l\u00e0 b\u1ea1n \u0111\u00e3 c\u00f3 th\u1ec3 tr\u00fang th\u01b0\u1edfng ngay l\u1eadp t\u1ee9c.<\/span><\/li>\n<\/ul>\n<h2><span id=\"Chuong_trinh_uu_dai_hap_dan_cho_thanh_vien_moi\"><b>Ch\u01b0\u01a1ng tr\u00ecnh \u01b0u \u0111\u00e3i h\u1ea5p d\u1eabn cho th\u00e0nh vi\u00ean m\u1edbi<\/b><\/span><\/h2>\n<figure id=\"attachment_119\" aria-describedby=\"caption-attachment-119\" style=\"width: 800px\" class=\"wp-caption aligncenter\"><img decoding=\"async\" class=\"size-full wp-image-119\" src=\"http:\/\/whatifwefly.uk.com\/wp-content\/uploads\/2026\/03\/khuyen-mai-slot-voi-gia-tri-thuong-khung.jpg\" alt=\"Khuy\u1ebfn m\u00e3i slot v\u1edbi gi\u00e1 tr\u1ecb th\u01b0\u1edfng kh\u1ee7ng\" width=\"800\" height=\"400\" srcset=\"https:\/\/whatifwefly.uk.com\/wp-content\/uploads\/2026\/03\/khuyen-mai-slot-voi-gia-tri-thuong-khung.jpg 800w, https:\/\/whatifwefly.uk.com\/wp-content\/uploads\/2026\/03\/khuyen-mai-slot-voi-gia-tri-thuong-khung-300x150.jpg 300w, https:\/\/whatifwefly.uk.com\/wp-content\/uploads\/2026\/03\/khuyen-mai-slot-voi-gia-tri-thuong-khung-768x384.jpg 768w\" sizes=\"(max-width: 800px) 100vw, 800px\" \/><figcaption id=\"caption-attachment-119\" class=\"wp-caption-text\">Khuy\u1ebfn m\u00e3i slot v\u1edbi gi\u00e1 tr\u1ecb th\u01b0\u1edfng kh\u1ee7ng<\/figcaption><\/figure>\n<p><span style=\"font-weight: 400;\">S\u1ea3nh c\u01b0\u1ee3c <\/span><b>n\u1ed5 h\u0169 OPEN88<\/b><span style=\"font-weight: 400;\"> tri\u1ec3n khai h\u00e0ng lo\u1ea1t ch\u01b0\u01a1ng tr\u00ecnh khuy\u1ebfn m\u00e3i gi\u00fap th\u00e0nh vi\u00ean t\u0103ng v\u1ed1n quay hi\u1ec7u qu\u1ea3 m\u1ed7i ng\u00e0y. C\u00e1c \u01b0u \u0111\u00e3i \u0111\u01b0\u1ee3c thi\u1ebft k\u1ebf ri\u00eang cho t\u1eebng \u0111\u1ed1i t\u01b0\u1ee3ng t\u1eeb t\u00e2n binh cho \u0111\u1ebfn c\u00e1c b\u1ea1n VIP l\u00e2u n\u0103m tr\u00ean h\u1ec7 th\u1ed1ng.<\/span><\/p>\n<h3><span id=\"Thuong_chao_mung_lan_dau_tham_gia\"><b>Th\u01b0\u1edfng ch\u00e0o m\u1eebng l\u1ea7n \u0111\u1ea7u tham gia<\/b><\/span><\/h3>\n<p><span style=\"font-weight: 400;\">T\u00e2n binh nh\u1eadn ngay 150% gi\u00e1 tr\u1ecb n\u1ea1p \u0111\u1ea7u ti\u00ean c\u1ed9ng th\u00eam 50 v\u00f2ng quay mi\u1ec5n ph\u00ed \u00e1p d\u1ee5ng cho c\u00e1c slot hot. \u0110i\u1ec1u ki\u1ec7n c\u01b0\u1ee3c ch\u1ec9 x15 th\u1ea5p h\u01a1n nhi\u1ec1u so v\u1edbi m\u1eb7t b\u1eb1ng chung th\u1ecb tr\u01b0\u1eddng hi\u1ec7n t\u1ea1i r\u1ea5t thu\u1eadn l\u1ee3i. Th\u1eddi h\u1ea1n s\u1eed d\u1ee5ng bonus k\u00e9o d\u00e0i 30 ng\u00e0y gi\u00fap c\u00e1c b\u1ea1n c\u00f3 \u0111\u1ee7 th\u1eddi gian ho\u00e0n th\u00e0nh \u0111i\u1ec1u ki\u1ec7n nh\u1eadn th\u01b0\u1edfng.<\/span><\/p>\n<h3><span id=\"Vong_quay_mien_phi_hang_ngay\"><b>V\u00f2ng quay mi\u1ec5n ph\u00ed h\u00e0ng ng\u00e0y<\/b><\/span><\/h3>\n<p><span style=\"font-weight: 400;\">M\u1ed7i ng\u00e0y th\u00e0nh vi\u00ean \u0111\u01b0\u1ee3c t\u1eb7ng 10 free spin \u0111\u1ec3 th\u1eed v\u1eadn may v\u1edbi c\u00e1c t\u1ef1a game \u0111ang hot tr\u00ean s\u1ea3nh. Ph\u1ea7n th\u01b0\u1edfng t\u1eeb v\u00f2ng quay mi\u1ec5n ph\u00ed \u0111\u01b0\u1ee3c quy \u0111\u1ed5i th\u00e0nh ti\u1ec1n th\u1eadt v\u00e0 r\u00fat v\u1ec1 t\u00e0i kho\u1ea3n d\u1ec5 d\u00e0ng. \u0110\u1eb7c bi\u1ec7t, v\u00e0o cu\u1ed1i tu\u1ea7n s\u1ed1 l\u01b0\u1ee3ng free spin t\u0103ng l\u00ean 20 v\u00f2ng gi\u00fap c\u01a1 h\u1ed9i tr\u00fang th\u01b0\u1edfng nh\u00e2n \u0111\u00f4i \u0111\u00e1ng k\u1ec3.<\/span><\/p>\n<h3><span id=\"Hoan_tra_thua_khong_gioi_han\"><b>Ho\u00e0n tr\u1ea3 thua kh\u00f4ng gi\u1edbi h\u1ea1n<\/b><\/span><\/h3>\n<p><span style=\"font-weight: 400;\">Ch\u01b0\u01a1ng tr\u00ecnh ho\u00e0n tr\u1ea3 1.2% kh\u00f4ng gi\u1edbi h\u1ea1n \u0111\u01b0\u1ee3c t\u00ednh tr\u00ean t\u1ed5ng s\u1ed1 ti\u1ec1n c\u01b0\u1ee3c h\u00e0ng tu\u1ea7n cho m\u1ecdi th\u00e0nh vi\u00ean. Ti\u1ec1n ho\u00e0n tr\u1ea3 \u0111\u01b0\u1ee3c c\u1ed9ng t\u1ef1 \u0111\u1ed9ng v\u00e0o t\u00e0i kho\u1ea3n ch\u00ednh m\u1ed7i s\u00e1ng th\u1ee9 hai \u0111\u1ea7u tu\u1ea7n m\u1ed9t c\u00e1ch nhanh ch\u00f3ng. B\u00ean c\u1ea1nh \u0111\u00f3, th\u00e0nh vi\u00ean VIP \u0111\u01b0\u1ee3c h\u01b0\u1edfng t\u1ef7 l\u1ec7 ho\u00e0n tr\u1ea3 l\u00ean \u0111\u1ebfn 1.8% cao h\u01a1n \u0111\u00e1ng k\u1ec3 so v\u1edbi h\u1ea1ng th\u01b0\u1eddng.<\/span><\/p>\n<h2><span id=\"Loi_Ket\"><b>L\u1eddi K\u1ebft<\/b><\/span><\/h2>\n<p><span style=\"font-weight: 400;\"><strong><a href=\"https:\/\/whatifwefly.uk.com\/index.php\/no-hu-open88\/\">N\u1ed5 h\u0169 OPEN88<\/a><\/strong> \u200eth\u1ef1c s\u1ef1 l\u00e0 s\u00e2n ch\u01a1i l\u00fd t\u01b0\u1edfng cho nh\u1eefng ai \u0111am m\u00ea quay h\u0169 v\u1edbi t\u1ef7 l\u1ec7 th\u1eafng cao v\u00e0 \u01b0u \u0111\u00e3i h\u1ea5p d\u1eabn. H\u00e0ng tr\u0103m t\u1ef1a game \u0111a d\u1ea1ng c\u00f9ng h\u1ec7 th\u1ed1ng b\u1ea3o m\u1eadt ti\u00ean ti\u1ebfn gi\u00fap c\u00e1c b\u1ea1n ho\u00e0n to\u00e0n y\u00ean t\u00e2m khi tham gia tr\u1ea3i nghi\u1ec7m m\u1ed7i ng\u00e0y. \u0110\u1eebng b\u1ecf l\u1ee1 c\u01a1 h\u1ed9i s\u0103n jackpot kh\u1ee7ng v\u00e0 nh\u1eadn th\u01b0\u1edfng li\u00ean t\u1ee5c t\u1ea1i <\/span><b>OPEN88<\/b><span style=\"font-weight: 400;\"> ngay h\u00f4m nay nh\u00e9.<\/span><\/p>\n","protected":false},"excerpt":{"rendered":"<p>Contents1 N\u1ed5 H\u0169 OPEN88 &#8211; Kh\u00e1m Ph\u00e1 N\u1ed5 H\u0169 Hay, \u01afu \u0110\u00e3i C\u1ef1c S\u1ed1c1.1 Gi\u1edbi thi\u1ec7u s\u1ea3nh n\u1ed5 h\u0169 OPEN88 uy t\u00edn h\u00e0ng \u0111\u1ea7u1.1.1 L\u1ecbch s\u1eed ph\u00e1t tri\u1ec3n \u1ea5n t\u01b0\u1ee3ng1.1.2 Gi\u1ea5y ph\u00e9p v\u00e0 ch\u1ee9ng nh\u1eadn qu\u1ed1c t\u1ebf1.1.3 S\u1ed1 l\u01b0\u1ee3t truy c\u1eadp kh\u1ee7ng1.2 Top game n\u1ed5 h\u0169 OPEN88 hot nh\u1ea5t 20261.3 Ch\u01b0\u01a1ng tr\u00ecnh \u01b0u \u0111\u00e3i h\u1ea5p [&#8230;]\n","protected":false},"author":1,"featured_media":117,"parent":0,"menu_order":0,"comment_status":"closed","ping_status":"closed","template":"","meta":{"footnotes":""},"class_list":["post-36","page","type-page","status-publish","has-post-thumbnail","hentry"],"_links":{"self":[{"href":"https:\/\/whatifwefly.uk.com\/index.php\/wp-json\/wp\/v2\/pages\/36","targetHints":{"allow":["GET"]}}],"collection":[{"href":"https:\/\/whatifwefly.uk.com\/index.php\/wp-json\/wp\/v2\/pages"}],"about":[{"href":"https:\/\/whatifwefly.uk.com\/index.php\/wp-json\/wp\/v2\/types\/page"}],"author":[{"embeddable":true,"href":"https:\/\/whatifwefly.uk.com\/index.php\/wp-json\/wp\/v2\/users\/1"}],"replies":[{"embeddable":true,"href":"https:\/\/whatifwefly.uk.com\/index.php\/wp-json\/wp\/v2\/comments?post=36"}],"version-history":[{"count":2,"href":"https:\/\/whatifwefly.uk.com\/index.php\/wp-json\/wp\/v2\/pages\/36\/revisions"}],"predecessor-version":[{"id":178,"href":"https:\/\/whatifwefly.uk.com\/index.php\/wp-json\/wp\/v2\/pages\/36\/revisions\/178"}],"wp:featuredmedia":[{"embeddable":true,"href":"https:\/\/whatifwefly.uk.com\/index.php\/wp-json\/wp\/v2\/media\/117"}],"wp:attachment":[{"href":"https:\/\/whatifwefly.uk.com\/index.php\/wp-json\/wp\/v2\/media?parent=36"}],"curies":[{"name":"wp","href":"https:\/\/api.w.org\/{rel}","templated":true}]}}