{"id":38,"date":"2026-03-10T06:38:34","date_gmt":"2026-03-10T06:38:34","guid":{"rendered":"https:\/\/whatifwefly.uk.com\/?page_id=38"},"modified":"2026-03-15T06:07:45","modified_gmt":"2026-03-15T06:07:45","slug":"xo-so-open88","status":"publish","type":"page","link":"https:\/\/whatifwefly.uk.com\/index.php\/xo-so-open88\/","title":{"rendered":"X\u1ed5 s\u1ed1"},"content":{"rendered":"<div id=\"toc_container\" class=\"no_bullets\"><p class=\"toc_title\">Contents<\/p><ul class=\"toc_list\"><li><a href=\"#Xo_So_OPEN88_8211_Kham_Pha_Sanh_Cuoc_Hay_Uu_Dai_Ngap_Tran\"><span class=\"toc_number toc_depth_1\">1<\/span> X\u1ed5 S\u1ed1 OPEN88 &#8211; Kh\u00e1m Ph\u00e1 S\u1ea3nh C\u01b0\u1ee3c Hay, \u01afu \u0110\u00e3i Ng\u1eadp Tr\u00e0n<\/a><ul><li><a href=\"#Gioi_thieu_sanh_xo_so_OPEN88_uy_tin_hang_dau\"><span class=\"toc_number toc_depth_2\">1.1<\/span> Gi\u1edbi thi\u1ec7u s\u1ea3nh x\u1ed5 s\u1ed1 OPEN88 uy t\u00edn h\u00e0ng \u0111\u1ea7u<\/a><ul><li><a href=\"#Lich_su_hinh_thanh_phat_trien\"><span class=\"toc_number toc_depth_3\">1.1.1<\/span> L\u1ecbch s\u1eed h\u00ecnh th\u00e0nh ph\u00e1t tri\u1ec3n<\/a><\/li><li><a href=\"#Chung_nhan_phap_ly_uy_tin\"><span class=\"toc_number toc_depth_3\">1.1.2<\/span> Ch\u1ee9ng nh\u1eadn ph\u00e1p l\u00fd uy t\u00edn<\/a><\/li><li><a href=\"#Thong_ke_luot_truy_cap_an_tuong\"><span class=\"toc_number toc_depth_3\">1.1.3<\/span> Th\u1ed1ng k\u00ea l\u01b0\u1ee3t truy c\u1eadp \u1ea5n t\u01b0\u1ee3ng<\/a><\/li><\/ul><\/li><li><a href=\"#Phuong_phap_soi_cau_xo_so_OPEN88_hieu_qua\"><span class=\"toc_number toc_depth_2\">1.2<\/span> Ph\u01b0\u01a1ng ph\u00e1p soi c\u1ea7u x\u1ed5 s\u1ed1 OPEN88 hi\u1ec7u qu\u1ea3<\/a><\/li><li><a href=\"#Chuong_trinh_khuyen_mai_hap_dan_cho_thanh_vien\"><span class=\"toc_number toc_depth_2\">1.3<\/span> Ch\u01b0\u01a1ng tr\u00ecnh khuy\u1ebfn m\u00e3i h\u1ea5p d\u1eabn cho th\u00e0nh vi\u00ean<\/a><ul><li><a href=\"#Thuong_nap_lan_dau_sieu_khung\"><span class=\"toc_number toc_depth_3\">1.3.1<\/span> Th\u01b0\u1edfng n\u1ea1p l\u1ea7n \u0111\u1ea7u si\u00eau kh\u1ee7ng<\/a><\/li><li><a href=\"#Hoan_tra_khong_gioi_han_hang_ngay\"><span class=\"toc_number toc_depth_3\">1.3.2<\/span> Ho\u00e0n tr\u1ea3 kh\u00f4ng gi\u1edbi h\u1ea1n h\u00e0ng ng\u00e0y<\/a><\/li><li><a href=\"#Thuong_chuoi_trung_lien_tiep_hap_dan\"><span class=\"toc_number toc_depth_3\">1.3.3<\/span> Th\u01b0\u1edfng chu\u1ed7i tr\u00fang li\u00ean ti\u1ebfp h\u1ea5p d\u1eabn<\/a><\/li><\/ul><\/li><li><a href=\"#Loi_ket\"><span class=\"toc_number toc_depth_2\">1.4<\/span> L\u1eddi k\u1ebft<\/a><\/li><\/ul><\/li><\/ul><\/div>\n<h1 style=\"text-align: center;\"><span id=\"Xo_So_OPEN88_8211_Kham_Pha_Sanh_Cuoc_Hay_Uu_Dai_Ngap_Tran\"><b>X\u1ed5 S\u1ed1 OPEN88 &#8211; Kh\u00e1m Ph\u00e1 S\u1ea3nh C\u01b0\u1ee3c Hay, \u01afu \u0110\u00e3i Ng\u1eadp Tr\u00e0n<\/b><\/span><\/h1>\n<p><b>X\u1ed5 s\u1ed1 OPEN88<\/b><span style=\"font-weight: 400;\"> \u0111ang tr\u1edf th\u00e0nh l\u1ef1a ch\u1ecdn h\u00e0ng \u0111\u1ea7u c\u1ee7a h\u00e0ng tri\u1ec7u th\u00e0nh vi\u00ean y\u00eau th\u00edch th\u1ec3 lo\u1ea1i d\u1ef1 \u0111o\u00e1n con s\u1ed1 may m\u1eafn hi\u1ec7n nay. V\u1edbi h\u1ec7 th\u1ed1ng k\u1ebft qu\u1ea3 minh b\u1ea1ch c\u00f9ng t\u1ef7 l\u1ec7 th\u01b0\u1edfng c\u1ef1c k\u1ef3 h\u1ea5p d\u1eabn, s\u00e2n ch\u01a1i thu h\u00fat \u0111\u00f4ng \u0111\u1ea3o c\u00e1c b\u1ea1n tham gia m\u1ed7i ng\u00e0y. N\u1ec1n t\u1ea3ng <\/span><a href=\"https:\/\/whatifwefly.uk.com\/\"><b>OPEN88<\/b><\/a><span style=\"font-weight: 400;\"> cam k\u1ebft t\u1ea1o ra tr\u1ea3i nghi\u1ec7m c\u00e1 c\u01b0\u1ee3c an to\u00e0n, c\u00f4ng b\u1eb1ng v\u00e0 \u0111\u00e1ng tin c\u1eady cho t\u1ea5t c\u1ea3 m\u1ecdi ng\u01b0\u1eddi.<\/span><\/p>\n<h2><span id=\"Gioi_thieu_sanh_xo_so_OPEN88_uy_tin_hang_dau\"><b>Gi\u1edbi thi\u1ec7u s\u1ea3nh x\u1ed5 s\u1ed1 OPEN88 uy t\u00edn h\u00e0ng \u0111\u1ea7u<\/b><\/span><\/h2>\n<figure id=\"attachment_129\" aria-describedby=\"caption-attachment-129\" style=\"width: 800px\" class=\"wp-caption aligncenter\"><img decoding=\"async\" class=\"size-full wp-image-129\" src=\"http:\/\/whatifwefly.uk.com\/wp-content\/uploads\/2026\/03\/sanh-xo-so-open88-thu-hut-trieu-thanh-vien.jpg\" alt=\"S\u1ea3nh x\u1ed5 s\u1ed1 OPEN88 thu h\u00fat tri\u1ec7u th\u00e0nh vi\u00ean\" width=\"800\" height=\"400\" srcset=\"https:\/\/whatifwefly.uk.com\/wp-content\/uploads\/2026\/03\/sanh-xo-so-open88-thu-hut-trieu-thanh-vien.jpg 800w, https:\/\/whatifwefly.uk.com\/wp-content\/uploads\/2026\/03\/sanh-xo-so-open88-thu-hut-trieu-thanh-vien-300x150.jpg 300w, https:\/\/whatifwefly.uk.com\/wp-content\/uploads\/2026\/03\/sanh-xo-so-open88-thu-hut-trieu-thanh-vien-768x384.jpg 768w\" sizes=\"(max-width: 800px) 100vw, 800px\" \/><figcaption id=\"caption-attachment-129\" class=\"wp-caption-text\">S\u1ea3nh x\u1ed5 s\u1ed1 OPEN88 thu h\u00fat tri\u1ec7u th\u00e0nh vi\u00ean<\/figcaption><\/figure>\n<p><span style=\"font-weight: 400;\">S\u1ea3nh <\/span><b>x\u1ed5 s\u1ed1 OPEN88<\/b><span style=\"font-weight: 400;\"> \u0111\u01b0\u1ee3c th\u00e0nh l\u1eadp t\u1eeb n\u0103m 2018 v\u00e0 nhanh ch\u00f3ng kh\u1eb3ng \u0111\u1ecbnh v\u1ecb th\u1ebf trong ng\u00e0nh c\u00e1 c\u01b0\u1ee3c tr\u1ef1c tuy\u1ebfn khu v\u1ef1c ch\u00e2u \u00c1. H\u1ec7 th\u1ed1ng s\u1edf h\u1eefu \u0111\u1ea7y \u0111\u1ee7 gi\u1ea5y ph\u00e9p ho\u1ea1t \u0111\u1ed9ng t\u1eeb PAGCOR v\u00e0 Isle of Man, ghi nh\u1eadn h\u01a1n 2 tri\u1ec7u l\u01b0\u1ee3t truy c\u1eadp m\u1ed7i th\u00e1ng.<\/span><\/p>\n<h3><span id=\"Lich_su_hinh_thanh_phat_trien\"><b>L\u1ecbch s\u1eed h\u00ecnh th\u00e0nh ph\u00e1t tri\u1ec3n<\/b><\/span><\/h3>\n<p><span style=\"font-weight: 400;\">N\u1ec1n t\u1ea3ng <\/span><b>x\u1ed5 s\u1ed1 OPEN88<\/b><span style=\"font-weight: 400;\"> kh\u1edfi \u0111\u1ea7u v\u1edbi s\u1ee9 m\u1ec7nh t\u1ea1o ra s\u00e2n ch\u01a1i d\u1ef1 \u0111o\u00e1n s\u1ed1 minh b\u1ea1ch v\u00e0 chuy\u00ean nghi\u1ec7p cho th\u00e0nh vi\u00ean Vi\u1ec7t Nam. Ban \u0111\u1ea7u h\u1ec7 th\u1ed1ng ch\u1ec9 cung c\u1ea5p v\u00e0i \u0111\u00e0i x\u1ed5 s\u1ed1 truy\u1ec1n th\u1ed1ng nh\u01b0ng nhanh ch\u00f3ng m\u1edf r\u1ed9ng quy m\u00f4 ho\u1ea1t \u0111\u1ed9ng.<\/span><\/p>\n<p><span style=\"font-weight: 400;\">\u0110\u1eb7c bi\u1ec7t, sau 5 n\u0103m ph\u00e1t tri\u1ec3n kh\u00f4ng ng\u1eebng, s\u1ea3nh ch\u01a1i \u0111\u00e3 t\u00edch h\u1ee3p h\u01a1n 50 \u0111\u00e0i x\u1ed5 s\u1ed1 trong n\u01b0\u1edbc v\u00e0 qu\u1ed1c t\u1ebf. \u0110\u1ed9i ng\u0169 k\u1ef9 thu\u1eadt li\u00ean t\u1ee5c n\u00e2ng c\u1ea5p giao di\u1ec7n, t\u1ed1i \u01b0u t\u1ed1c \u0111\u1ed9 x\u1eed l\u00fd \u0111\u1ec3 th\u00e0nh vi\u00ean tr\u1ea3i nghi\u1ec7m m\u01b0\u1ee3t m\u00e0 nh\u1ea5t.<\/span><\/p>\n<h3><span id=\"Chung_nhan_phap_ly_uy_tin\"><b>Ch\u1ee9ng nh\u1eadn ph\u00e1p l\u00fd uy t\u00edn<\/b><\/span><\/h3>\n<p><span style=\"font-weight: 400;\">S\u1ea3nh <\/span><b>x\u1ed5 s\u1ed1 OPEN88<\/b><span style=\"font-weight: 400;\"> \u0111\u01b0\u1ee3c c\u1ea5p ph\u00e9p b\u1edfi t\u1ed5 ch\u1ee9c PAGCOR Philippines, \u0111\u1ea3m b\u1ea3o m\u1ecdi ho\u1ea1t \u0111\u1ed9ng tu\u00e2n th\u1ee7 quy \u0111\u1ecbnh ph\u00e1p lu\u1eadt qu\u1ed1c t\u1ebf. Ngo\u00e0i ra, h\u1ec7 th\u1ed1ng c\u00f2n nh\u1eadn ch\u1ee9ng ch\u1ec9 b\u1ea3o m\u1eadt SSL 256-bit t\u1eeb t\u1ed5 ch\u1ee9c ki\u1ec3m \u0111\u1ecbnh \u0111\u1ed9c l\u1eadp h\u00e0ng \u0111\u1ea7u.<\/span><\/p>\n<p><span style=\"font-weight: 400;\">B\u00ean c\u1ea1nh \u0111\u00f3, to\u00e0n b\u1ed9 k\u1ebft qu\u1ea3 x\u1ed5 s\u1ed1 \u0111\u01b0\u1ee3c x\u00e1c minh b\u1edfi b\u00ean th\u1ee9 ba trung l\u1eadp, lo\u1ea1i b\u1ecf ho\u00e0n to\u00e0n kh\u1ea3 n\u0103ng gian l\u1eadn. Th\u00e0nh vi\u00ean ho\u00e0n to\u00e0n y\u00ean t\u00e2m v\u1ec1 t\u00ednh c\u00f4ng b\u1eb1ng khi tham gia \u0111\u1eb7t c\u01b0\u1ee3c t\u1ea1i \u0111\u00e2y.<\/span><\/p>\n<h3><span id=\"Thong_ke_luot_truy_cap_an_tuong\"><b>Th\u1ed1ng k\u00ea l\u01b0\u1ee3t truy c\u1eadp \u1ea5n t\u01b0\u1ee3ng<\/b><\/span><\/h3>\n<p><span style=\"font-weight: 400;\">Theo s\u1ed1 li\u1ec7u th\u1ed1ng k\u00ea m\u1edbi nh\u1ea5t, <\/span><b>x\u1ed5 s\u1ed1 OPEN88<\/b><span style=\"font-weight: 400;\"> ghi nh\u1eadn trung b\u00ecnh h\u01a1n 500,000 th\u00e0nh vi\u00ean ho\u1ea1t \u0111\u1ed9ng m\u1ed7i ng\u00e0y. Con s\u1ed1 n\u00e0y cho th\u1ea5y s\u1ee9c h\u00fat kh\u1ee7ng c\u1ee7a s\u1ea3nh ch\u01a1i trong c\u1ed9ng \u0111\u1ed3ng nh\u1eefng ng\u01b0\u1eddi \u0111am m\u00ea d\u1ef1 \u0111o\u00e1n s\u1ed1.<\/span><\/p>\n<p><span style=\"font-weight: 400;\">\u0110\u1ed3ng th\u1eddi, t\u1ef7 l\u1ec7 th\u00e0nh vi\u00ean quay l\u1ea1i s\u1eed d\u1ee5ng d\u1ecbch v\u1ee5 \u0111\u1ea1t tr\u00ean 85%, ch\u1ee9ng minh ch\u1ea5t l\u01b0\u1ee3ng ph\u1ee5c v\u1ee5 xu\u1ea5t s\u1eafc. \u0110\u1ed9i ng\u0169 ch\u0103m s\u00f3c kh\u00e1ch h\u00e0ng t\u00fac tr\u1ef1c 24\/7 s\u1eb5n s\u00e0ng h\u1ed7 tr\u1ee3 gi\u1ea3i \u0111\u00e1p m\u1ecdi th\u1eafc m\u1eafc nhanh ch\u00f3ng.<\/span><\/p>\n<h2><span id=\"Phuong_phap_soi_cau_xo_so_OPEN88_hieu_qua\"><b>Ph\u01b0\u01a1ng ph\u00e1p soi c\u1ea7u x\u1ed5 s\u1ed1 OPEN88 hi\u1ec7u qu\u1ea3<\/b><\/span><\/h2>\n<figure id=\"attachment_128\" aria-describedby=\"caption-attachment-128\" style=\"width: 800px\" class=\"wp-caption aligncenter\"><img decoding=\"async\" class=\"size-full wp-image-128\" src=\"http:\/\/whatifwefly.uk.com\/wp-content\/uploads\/2026\/03\/cac-cach-soi-cau-pho-bien-cho-thanh-vien.jpg\" alt=\"C\u00e1c c\u00e1ch soi c\u1ea7u ph\u1ed5 bi\u1ebfn cho th\u00e0nh vi\u00ean\" width=\"800\" height=\"400\" srcset=\"https:\/\/whatifwefly.uk.com\/wp-content\/uploads\/2026\/03\/cac-cach-soi-cau-pho-bien-cho-thanh-vien.jpg 800w, https:\/\/whatifwefly.uk.com\/wp-content\/uploads\/2026\/03\/cac-cach-soi-cau-pho-bien-cho-thanh-vien-300x150.jpg 300w, https:\/\/whatifwefly.uk.com\/wp-content\/uploads\/2026\/03\/cac-cach-soi-cau-pho-bien-cho-thanh-vien-768x384.jpg 768w\" sizes=\"(max-width: 800px) 100vw, 800px\" \/><figcaption id=\"caption-attachment-128\" class=\"wp-caption-text\">C\u00e1c c\u00e1ch soi c\u1ea7u ph\u1ed5 bi\u1ebfn cho th\u00e0nh vi\u00ean<\/figcaption><\/figure>\n<p><b>X\u1ed5 s\u1ed1 OPEN88<\/b><span style=\"font-weight: 400;\"> cung c\u1ea5p nhi\u1ec1u c\u00f4ng c\u1ee5 h\u1ed7 tr\u1ee3 soi c\u1ea7u gi\u00fap th\u00e0nh vi\u00ean t\u0103ng kh\u1ea3 n\u0103ng d\u1ef1 \u0111o\u00e1n ch\u00ednh x\u00e1c k\u1ebft qu\u1ea3. D\u01b0\u1edbi \u0111\u00e2y l\u00e0 nh\u1eefng ph\u01b0\u01a1ng ph\u00e1p \u0111\u01b0\u1ee3c \u00e1p d\u1ee5ng ph\u1ed5 bi\u1ebfn v\u00e0 cho t\u1ef7 l\u1ec7 tr\u00fang cao.<\/span><\/p>\n<ul>\n<li style=\"font-weight: 400;\" aria-level=\"1\"><b>Soi c\u1ea7u theo gi\u1ea5c m\u01a1:<\/b><span style=\"font-weight: 400;\"> Ph\u01b0\u01a1ng ph\u00e1p d\u1ef1a tr\u00ean vi\u1ec7c gi\u1ea3i m\u00e3 c\u00e1c gi\u1ea5c m\u01a1 th\u00e0nh con s\u1ed1 t\u01b0\u01a1ng \u1ee9ng theo b\u1ea3ng tra c\u1ee9u truy\u1ec1n th\u1ed1ng. Nhi\u1ec1u th\u00e0nh vi\u00ean \u00e1p d\u1ee5ng c\u00e1ch n\u00e0y v\u00e0 nh\u1eadn v\u1ec1 nh\u1eefng ph\u1ea7n th\u01b0\u1edfng b\u1ea5t ng\u1edd khi\u1ebfn ai c\u0169ng ph\u1ea5n kh\u00edch.<\/span><\/li>\n<li style=\"font-weight: 400;\" aria-level=\"1\"><b>Soi c\u1ea7u theo th\u1ed1ng k\u00ea x\u1ed5 s\u1ed1 OPEN88:<\/b><span style=\"font-weight: 400;\"> H\u1ec7 th\u1ed1ng t\u1ef1 \u0111\u1ed9ng ph\u00e2n t\u00edch l\u1ecbch s\u1eed k\u1ebft qu\u1ea3 c\u00e1c k\u1ef3 quay tr\u01b0\u1edbc \u0111\u1ec3 t\u00ecm ra quy lu\u1eadt xu\u1ea5t hi\u1ec7n c\u1ee7a t\u1eebng con s\u1ed1. Th\u00e0nh vi\u00ean d\u1ef1a v\u00e0o d\u1eef li\u1ec7u th\u1ed1ng k\u00ea chi ti\u1ebft \u0111\u1ec3 \u0111\u01b0a ra quy\u1ebft \u0111\u1ecbnh \u0111\u1eb7t c\u01b0\u1ee3c h\u1ee3p l\u00fd h\u01a1n.<\/span><\/li>\n<li style=\"font-weight: 400;\" aria-level=\"1\"><b>Soi c\u1ea7u theo c\u1ea7u l\u1eb7p:<\/b><span style=\"font-weight: 400;\"> C\u00e1ch n\u00e0y t\u1eadp trung theo d\u00f5i nh\u1eefng b\u1ed9 s\u1ed1 li\u00ean t\u1ee5c xu\u1ea5t hi\u1ec7n trong nhi\u1ec1u k\u1ef3 quay li\u00ean ti\u1ebfp \u0111\u1ec3 d\u1ef1 \u0111o\u00e1n xu h\u01b0\u1edbng. C\u00e1c b\u1ea1n c\u00f3 th\u1ec3 k\u1ebft h\u1ee3p quan s\u00e1t c\u1ea7u l\u1eb7p v\u1edbi ph\u00e2n t\u00edch t\u1ea7n su\u1ea5t \u0111\u1ec3 n\u00e2ng cao \u0111\u1ed9 ch\u00ednh x\u00e1c.<\/span><\/li>\n<li style=\"font-weight: 400;\" aria-level=\"1\"><b>K\u1ef9 thu\u1eadt soi c\u1ea7u b\u1ea1ch th\u1ee7 x\u1ed5 s\u1ed1 OPEN88:<\/b><span style=\"font-weight: 400;\"> B\u1ea1ch th\u1ee7 l\u00e0 c\u00e1ch ch\u1ecdn ra m\u1ed9t con s\u1ed1 duy nh\u1ea5t c\u00f3 x\u00e1c su\u1ea5t v\u1ec1 cao nh\u1ea5t trong k\u1ef3 quay s\u1eafp t\u1edbi. Nhi\u1ec1u cao th\u1ee7 chuy\u00ean nghi\u1ec7p \u01b0a chu\u1ed9ng ph\u01b0\u01a1ng ph\u00e1p n\u00e0y v\u00ec t\u1ef7 l\u1ec7 th\u1eafng \u1ed5n \u0111\u1ecbnh qua t\u1eebng ng\u00e0y.<\/span><\/li>\n<li style=\"font-weight: 400;\" aria-level=\"1\"><b>K\u1ebft h\u1ee3p nhi\u1ec1u ph\u01b0\u01a1ng ph\u00e1p:<\/b><span style=\"font-weight: 400;\"> Th\u00e0nh vi\u00ean th\u00f4ng minh th\u01b0\u1eddng s\u1eed d\u1ee5ng \u0111\u1ed3ng th\u1eddi nhi\u1ec1u c\u00e1ch soi c\u1ea7u \u0111\u1ec3 ki\u1ec3m ch\u1ee9ng ch\u00e9o \u0111\u1ed9 ch\u00ednh x\u00e1c c\u1ee7a d\u1ef1 \u0111o\u00e1n. Vi\u1ec7c t\u1ed5ng h\u1ee3p nhi\u1ec1u ngu\u1ed3n th\u00f4ng tin gi\u00fap l\u1ef1a ch\u1ecdn con s\u1ed1 may m\u1eafn \u0111\u00e1ng tin c\u1eady nh\u1ea5t.<\/span><\/li>\n<\/ul>\n<h2><span id=\"Chuong_trinh_khuyen_mai_hap_dan_cho_thanh_vien\"><b>Ch\u01b0\u01a1ng tr\u00ecnh khuy\u1ebfn m\u00e3i h\u1ea5p d\u1eabn cho th\u00e0nh vi\u00ean<\/b><\/span><\/h2>\n<figure id=\"attachment_130\" aria-describedby=\"caption-attachment-130\" style=\"width: 800px\" class=\"wp-caption aligncenter\"><img decoding=\"async\" class=\"size-full wp-image-130\" src=\"http:\/\/whatifwefly.uk.com\/wp-content\/uploads\/2026\/03\/uu-dai-khung-danh-rieng-cho-hoi-vien-tham-gia.jpg\" alt=\"\u01afu \u0111\u00e3i kh\u1ee7ng d\u00e0nh ri\u00eang cho h\u1ed9i vi\u00ean tham gia\" width=\"800\" height=\"400\" srcset=\"https:\/\/whatifwefly.uk.com\/wp-content\/uploads\/2026\/03\/uu-dai-khung-danh-rieng-cho-hoi-vien-tham-gia.jpg 800w, https:\/\/whatifwefly.uk.com\/wp-content\/uploads\/2026\/03\/uu-dai-khung-danh-rieng-cho-hoi-vien-tham-gia-300x150.jpg 300w, https:\/\/whatifwefly.uk.com\/wp-content\/uploads\/2026\/03\/uu-dai-khung-danh-rieng-cho-hoi-vien-tham-gia-768x384.jpg 768w\" sizes=\"(max-width: 800px) 100vw, 800px\" \/><figcaption id=\"caption-attachment-130\" class=\"wp-caption-text\">\u01afu \u0111\u00e3i kh\u1ee7ng d\u00e0nh ri\u00eang cho h\u1ed9i vi\u00ean tham gia<\/figcaption><\/figure>\n<p><span style=\"font-weight: 400;\">S\u1ea3nh <\/span><b>x\u1ed5 s\u1ed1 OPEN88<\/b><span style=\"font-weight: 400;\"> tri\u1ec3n khai h\u00e0ng lo\u1ea1t ch\u01b0\u01a1ng tr\u00ecnh th\u01b0\u1edfng si\u00eau h\u1ea5p d\u1eabn d\u00e0nh ri\u00eang cho th\u00e0nh vi\u00ean y\u00eau th\u00edch th\u1ec3 lo\u1ea1i d\u1ef1 \u0111o\u00e1n s\u1ed1. M\u1ed7i \u01b0u \u0111\u00e3i \u0111\u1ec1u \u0111\u01b0\u1ee3c thi\u1ebft k\u1ebf nh\u1eb1m t\u0103ng c\u01a1 h\u1ed9i th\u1eafng l\u1edbn v\u00e0 t\u1ed1i \u01b0u l\u1ee3i nhu\u1eadn cho c\u00e1c b\u1ea1n.<\/span><\/p>\n<h3><span id=\"Thuong_nap_lan_dau_sieu_khung\"><b>Th\u01b0\u1edfng n\u1ea1p l\u1ea7n \u0111\u1ea7u si\u00eau kh\u1ee7ng<\/b><\/span><\/h3>\n<p><span style=\"font-weight: 400;\">Th\u00e0nh vi\u00ean m\u1edbi \u0111\u0103ng k\u00fd t\u00e0i kho\u1ea3n s\u1ebd nh\u1eadn ngay 100% gi\u00e1 tr\u1ecb n\u1ea1p l\u1ea7n \u0111\u1ea7u, t\u01b0\u01a1ng \u0111\u01b0\u01a1ng t\u1ed1i thi\u1ec3u 2 tri\u1ec7u \u0111\u1ed3ng ti\u1ec1n th\u01b0\u1edfng. \u01afu \u0111\u00e3i n\u00e0y gi\u00fap c\u00e1c b\u1ea1n c\u00f3 th\u00eam v\u1ed1n \u0111\u1ec3 tr\u1ea3i nghi\u1ec7m \u0111a d\u1ea1ng lo\u1ea1i h\u00ecnh c\u01b0\u1ee3c t\u1ea1i s\u1ea3nh.<\/span><\/p>\n<p><span style=\"font-weight: 400;\">Ngo\u00e0i ra, \u0111i\u1ec1u ki\u1ec7n v\u00f2ng c\u01b0\u1ee3c ch\u1ec9 y\u00eau c\u1ea7u 5 l\u1ea7n t\u1ed5ng ti\u1ec1n th\u01b0\u1edfng, th\u1ea5p h\u01a1n nhi\u1ec1u so v\u1edbi c\u00e1c n\u1ec1n t\u1ea3ng kh\u00e1c. Th\u1eddi gian hi\u1ec7u l\u1ef1c k\u00e9o d\u00e0i 30 ng\u00e0y \u0111\u1ee7 \u0111\u1ec3 m\u1ecdi ng\u01b0\u1eddi tho\u1ea3i m\u00e1i ho\u00e0n th\u00e0nh y\u00eau c\u1ea7u.<\/span><\/p>\n<h3><span id=\"Hoan_tra_khong_gioi_han_hang_ngay\"><b>Ho\u00e0n tr\u1ea3 kh\u00f4ng gi\u1edbi h\u1ea1n h\u00e0ng ng\u00e0y<\/b><\/span><\/h3>\n<p><span style=\"font-weight: 400;\">H\u1ec7 th\u1ed1ng \u00e1p d\u1ee5ng ch\u00ednh s\u00e1ch ho\u00e0n tr\u1ea3 1.5% tr\u00ean t\u1ed5ng s\u1ed1 ti\u1ec1n \u0111\u1eb7t c\u01b0\u1ee3c m\u1ed7i ng\u00e0y m\u00e0 kh\u00f4ng gi\u1edbi h\u1ea1n s\u1ed1 ti\u1ec1n nh\u1eadn. \u0110\u1eb7c bi\u1ec7t, ti\u1ec1n ho\u00e0n tr\u1ea3 \u0111\u01b0\u1ee3c c\u1ed9ng t\u1ef1 \u0111\u1ed9ng v\u00e0o t\u00e0i kho\u1ea3n ch\u00ednh l\u00fac 10 gi\u1edd s\u00e1ng h\u00f4m sau.<\/span><\/p>\n<p><span style=\"font-weight: 400;\">\u0110\u1ed3ng th\u1eddi, th\u00e0nh vi\u00ean VIP \u0111\u01b0\u1ee3c h\u01b0\u1edfng t\u1ef7 l\u1ec7 ho\u00e0n tr\u1ea3 cao h\u01a1n l\u00ean \u0111\u1ebfn 2.5% t\u00f9y theo c\u1ea5p b\u1eadc t\u00e0i kho\u1ea3n. Ch\u00ednh s\u00e1ch n\u00e0y gi\u00fap gi\u1ea3m thi\u1ec3u r\u1ee7i ro v\u00e0 duy tr\u00ec ngu\u1ed3n v\u1ed1n \u1ed5n \u0111\u1ecbnh cho c\u00e1c b\u1ea1n tham gia l\u00e2u d\u00e0i.<\/span><\/p>\n<h3><span id=\"Thuong_chuoi_trung_lien_tiep_hap_dan\"><b>Th\u01b0\u1edfng chu\u1ed7i tr\u00fang li\u00ean ti\u1ebfp h\u1ea5p d\u1eabn<\/b><\/span><\/h3>\n<p><span style=\"font-weight: 400;\">Khi th\u00e0nh vi\u00ean tr\u00fang th\u01b0\u1edfng li\u00ean ti\u1ebfp 3 k\u1ef3 quay tr\u1edf l\u00ean, h\u1ec7 th\u1ed1ng t\u1ef1 \u0111\u1ed9ng c\u1ed9ng th\u00eam 10% gi\u00e1 tr\u1ecb gi\u1ea3i th\u01b0\u1edfng v\u00e0o t\u00e0i kho\u1ea3n. Chu\u1ed7i tr\u00fang c\u00e0ng d\u00e0i th\u00ec ph\u1ea7n th\u01b0\u1edfng bonus c\u00e0ng t\u0103ng theo c\u1ea5p s\u1ed1 nh\u00e2n \u0111\u00e1ng k\u1ec3.<\/span><\/p>\n<p><span style=\"font-weight: 400;\">B\u00ean c\u1ea1nh \u0111\u00f3, nh\u1eefng cao th\u1ee7 may m\u1eafn tr\u00fang chu\u1ed7i 7 k\u1ef3 li\u00ean ti\u1ebfp s\u1ebd nh\u1eadn th\u00eam ph\u1ea7n qu\u00e0 b\u00ed m\u1eadt c\u1ef1c gi\u00e1 tr\u1ecb. Ch\u01b0\u01a1ng tr\u00ecnh n\u00e0y t\u1ea1o \u0111\u1ed9ng l\u1ef1c \u0111\u1ec3 m\u1ecdi ng\u01b0\u1eddi ki\u00ean tr\u00ec theo \u0111u\u1ed5i chi\u1ebfn thu\u1eadt d\u1ef1 \u0111o\u00e1n c\u1ee7a m\u00ecnh.<\/span><\/p>\n<h2><span id=\"Loi_ket\"><b>L\u1eddi k\u1ebft<\/b><\/span><\/h2>\n<p><a href=\"https:\/\/whatifwefly.uk.com\/index.php\/xo-so-open88\/\"><b>X\u1ed5 s\u1ed1 OPEN88<\/b><\/a><span style=\"font-weight: 400;\"> th\u1ef1c s\u1ef1 l\u00e0 s\u00e2n ch\u01a1i \u0111\u00e1ng tin c\u1eady v\u1edbi h\u1ec7 th\u1ed1ng minh b\u1ea1ch, t\u1ef7 l\u1ec7 th\u01b0\u1edfng h\u1ea5p d\u1eabn c\u00f9ng d\u1ecbch v\u1ee5 ch\u0103m s\u00f3c chuy\u00ean nghi\u1ec7p. C\u00e1c ph\u01b0\u01a1ng ph\u00e1p soi c\u1ea7u \u0111a d\u1ea1ng k\u1ebft h\u1ee3p ch\u01b0\u01a1ng tr\u00ecnh khuy\u1ebfn m\u00e3i li\u00ean t\u1ee5c gi\u00fap th\u00e0nh vi\u00ean t\u0103ng c\u01a1 h\u1ed9i th\u1eafng l\u1edbn m\u1ed7i ng\u00e0y. H\u00e3y \u0111\u0103ng k\u00fd t\u00e0i kho\u1ea3n ngay h\u00f4m nay \u0111\u1ec3 tr\u1ea3i nghi\u1ec7m nh\u1eefng ti\u1ec7n \u00edch tuy\u1ec7t v\u1eddi m\u00e0 <\/span><b>OPEN88<\/b><span style=\"font-weight: 400;\"> d\u00e0nh ri\u00eang cho b\u1ea1n.<\/span><\/p>\n","protected":false},"excerpt":{"rendered":"<p>Contents1 X\u1ed5 S\u1ed1 OPEN88 &#8211; Kh\u00e1m Ph\u00e1 S\u1ea3nh C\u01b0\u1ee3c Hay, \u01afu \u0110\u00e3i Ng\u1eadp Tr\u00e0n1.1 Gi\u1edbi thi\u1ec7u s\u1ea3nh x\u1ed5 s\u1ed1 OPEN88 uy t\u00edn h\u00e0ng \u0111\u1ea7u1.1.1 L\u1ecbch s\u1eed h\u00ecnh th\u00e0nh ph\u00e1t tri\u1ec3n1.1.2 Ch\u1ee9ng nh\u1eadn ph\u00e1p l\u00fd uy t\u00edn1.1.3 Th\u1ed1ng k\u00ea l\u01b0\u1ee3t truy c\u1eadp \u1ea5n t\u01b0\u1ee3ng1.2 Ph\u01b0\u01a1ng ph\u00e1p soi c\u1ea7u x\u1ed5 s\u1ed1 OPEN88 hi\u1ec7u qu\u1ea31.3 Ch\u01b0\u01a1ng tr\u00ecnh khuy\u1ebfn [&#8230;]\n","protected":false},"author":1,"featured_media":131,"parent":0,"menu_order":0,"comment_status":"closed","ping_status":"closed","template":"","meta":{"footnotes":""},"class_list":["post-38","page","type-page","status-publish","has-post-thumbnail","hentry"],"_links":{"self":[{"href":"https:\/\/whatifwefly.uk.com\/index.php\/wp-json\/wp\/v2\/pages\/38","targetHints":{"allow":["GET"]}}],"collection":[{"href":"https:\/\/whatifwefly.uk.com\/index.php\/wp-json\/wp\/v2\/pages"}],"about":[{"href":"https:\/\/whatifwefly.uk.com\/index.php\/wp-json\/wp\/v2\/types\/page"}],"author":[{"embeddable":true,"href":"https:\/\/whatifwefly.uk.com\/index.php\/wp-json\/wp\/v2\/users\/1"}],"replies":[{"embeddable":true,"href":"https:\/\/whatifwefly.uk.com\/index.php\/wp-json\/wp\/v2\/comments?post=38"}],"version-history":[{"count":3,"href":"https:\/\/whatifwefly.uk.com\/index.php\/wp-json\/wp\/v2\/pages\/38\/revisions"}],"predecessor-version":[{"id":133,"href":"https:\/\/whatifwefly.uk.com\/index.php\/wp-json\/wp\/v2\/pages\/38\/revisions\/133"}],"wp:featuredmedia":[{"embeddable":true,"href":"https:\/\/whatifwefly.uk.com\/index.php\/wp-json\/wp\/v2\/media\/131"}],"wp:attachment":[{"href":"https:\/\/whatifwefly.uk.com\/index.php\/wp-json\/wp\/v2\/media?parent=38"}],"curies":[{"name":"wp","href":"https:\/\/api.w.org\/{rel}","templated":true}]}}